{"id":94,"date":"2026-03-18T19:58:19","date_gmt":"2026-03-18T19:58:19","guid":{"rendered":"https:\/\/johannasonokpon.com\/?page_id=94"},"modified":"2026-03-18T22:15:58","modified_gmt":"2026-03-18T22:15:58","slug":"restaurant-sirene-bleu","status":"publish","type":"page","link":"https:\/\/johannasonokpon.com\/en\/restaurant-sirene-bleu\/","title":{"rendered":"RESTAURANT SIR\u00c8NE BLEU"},"content":{"rendered":"<div class=\"wp-block-post-date\"><time datetime=\"2025-11-28T15:13:00\">November 28, 2025<\/time><\/div>\n\n\n<figure class=\"wp-block-image alignfull size-large wp-duotone-unset-1\"><img loading=\"lazy\" decoding=\"async\" width=\"1024\" height=\"1024\" src=\"https:\/\/johannasonokpon.com\/wp-content\/uploads\/2026\/03\/ELEVATION-RENDERING-RESTO-1024x1024.jpg\" alt=\"\" class=\"wp-image-91\" srcset=\"https:\/\/johannasonokpon.com\/wp-content\/uploads\/2026\/03\/ELEVATION-RENDERING-RESTO-1024x1024.jpg 1024w, https:\/\/johannasonokpon.com\/wp-content\/uploads\/2026\/03\/ELEVATION-RENDERING-RESTO-300x300.jpg 300w, https:\/\/johannasonokpon.com\/wp-content\/uploads\/2026\/03\/ELEVATION-RENDERING-RESTO-150x150.jpg 150w, https:\/\/johannasonokpon.com\/wp-content\/uploads\/2026\/03\/ELEVATION-RENDERING-RESTO-768x768.jpg 768w, https:\/\/johannasonokpon.com\/wp-content\/uploads\/2026\/03\/ELEVATION-RENDERING-RESTO-1536x1536.jpg 1536w, https:\/\/johannasonokpon.com\/wp-content\/uploads\/2026\/03\/ELEVATION-RENDERING-RESTO-12x12.jpg 12w, https:\/\/johannasonokpon.com\/wp-content\/uploads\/2026\/03\/ELEVATION-RENDERING-RESTO.jpg 1920w\" sizes=\"auto, (max-width: 1024px) 100vw, 1024px\" \/><\/figure>\n\n\n\n<div class=\"wp-block-group alignfull has-global-padding is-layout-constrained wp-block-group-is-layout-constrained\" style=\"margin-top:0;margin-bottom:0;padding-top:var(--wp--preset--spacing--80);padding-bottom:var(--wp--preset--spacing--80)\">\n<h2 class=\"wp-block-heading alignwide has-x-large-font-size\"><br><strong>Restaurant Sir\u00e8ne Bleu<\/strong><strong><br><\/strong> <em>Interior Systems and Circulation, Coll\u00e8ge Vanier | Octobre 2025 \u2013 Novembre 2025<\/em><\/h2>\n\n\n\n<div class=\"wp-block-group has-global-padding is-layout-constrained wp-block-group-is-layout-constrained\">\n<p>Ce projet consistait \u00e0 concevoir l\u2019am\u00e9nagement int\u00e9rieur d\u2019un restaurant en portant une attention particuli\u00e8re aux principes de circulation et de design int\u00e9rieur. L\u2019objectif \u00e9tait de cr\u00e9er un espace fonctionnel et agr\u00e9able pour les usagers tout en assurant une organisation efficace des d\u00e9placements entre les diff\u00e9rentes zones du restaurant. Le projet a permis d\u2019explorer la relation entre l\u2019esth\u00e9tique, la fonctionnalit\u00e9 et l\u2019exp\u00e9rience des utilisateurs dans un environnement de restauration. Ce projet a \u00e9t\u00e9 mod\u00e9lis\u00e9 et r\u00e9alis\u00e9 \u00e0 l\u2019aide des logiciels: Canva, Revit et Lumion.<br><br><\/p>\n<\/div>\n<\/div>\n\n\n\n<h1 class=\"wp-block-heading has-text-align-center\">GALLERIE<\/h1>\n\n\n\n<div class=\"wp-block-group alignfull has-global-padding is-layout-constrained wp-block-group-is-layout-constrained\" style=\"margin-top:0;margin-bottom:0;padding-top:var(--wp--preset--spacing--50);padding-bottom:var(--wp--preset--spacing--50)\">\n<div class=\"wp-block-group alignwide is-layout-grid wp-container-core-group-is-layout-21f393a4 wp-block-group-is-layout-grid\">\n<div data-wp-interactive=\"core\/file\" class=\"wp-block-file wp-container-content-24abb3e4\"><object data-wp-bind--hidden=\"!state.hasPdfPreview\" hidden class=\"wp-block-file__embed\" data=\"https:\/\/johannasonokpon.com\/wp-content\/uploads\/2026\/03\/SIRENE-BLEU-RESTAURANT.pdf\" type=\"application\/pdf\" style=\"width:100%;height:930px\" aria-label=\"Embed of SIRENE BLEU RESTAURANT.\"><\/object><a id=\"wp-block-file--media-5eb2e19e-256f-4fbc-84d4-fbbf581207c9\" href=\"https:\/\/johannasonokpon.com\/wp-content\/uploads\/2026\/03\/SIRENE-BLEU-RESTAURANT.pdf\">SIRENE BLEU RESTAURANT<\/a><a href=\"https:\/\/johannasonokpon.com\/wp-content\/uploads\/2026\/03\/SIRENE-BLEU-RESTAURANT.pdf\" class=\"wp-block-file__button wp-element-button\" download aria-describedby=\"wp-block-file--media-5eb2e19e-256f-4fbc-84d4-fbbf581207c9\">Download<\/a><\/div>\n\n\n\n<div data-wp-interactive=\"core\/file\" class=\"wp-block-file wp-container-content-24abb3e4\"><object data-wp-bind--hidden=\"!state.hasPdfPreview\" hidden class=\"wp-block-file__embed\" data=\"https:\/\/johannasonokpon.com\/wp-content\/uploads\/2026\/03\/restaurant-lighting-plan.pdf\" type=\"application\/pdf\" style=\"width:100%;height:930px\" aria-label=\"Embed of restaurant lighting plan.\"><\/object><a id=\"wp-block-file--media-6d61fcb5-1500-4063-b3fa-438e2f9189e3\" href=\"https:\/\/johannasonokpon.com\/wp-content\/uploads\/2026\/03\/restaurant-lighting-plan.pdf\">restaurant lighting plan<\/a><a href=\"https:\/\/johannasonokpon.com\/wp-content\/uploads\/2026\/03\/restaurant-lighting-plan.pdf\" class=\"wp-block-file__button wp-element-button\" download aria-describedby=\"wp-block-file--media-6d61fcb5-1500-4063-b3fa-438e2f9189e3\">Download<\/a><\/div>\n\n\n\n<figure class=\"wp-block-gallery has-nested-images columns-default is-cropped wp-block-gallery-2 wp-container-content-24abb3e4 is-layout-flex wp-block-gallery-is-layout-flex\">\n<figure class=\"wp-block-image size-full\"><img loading=\"lazy\" decoding=\"async\" width=\"1920\" height=\"1920\" data-id=\"91\" src=\"https:\/\/johannasonokpon.com\/wp-content\/uploads\/2026\/03\/ELEVATION-RENDERING-RESTO.jpg\" alt=\"\" class=\"wp-image-91\" srcset=\"https:\/\/johannasonokpon.com\/wp-content\/uploads\/2026\/03\/ELEVATION-RENDERING-RESTO.jpg 1920w, https:\/\/johannasonokpon.com\/wp-content\/uploads\/2026\/03\/ELEVATION-RENDERING-RESTO-300x300.jpg 300w, https:\/\/johannasonokpon.com\/wp-content\/uploads\/2026\/03\/ELEVATION-RENDERING-RESTO-1024x1024.jpg 1024w, https:\/\/johannasonokpon.com\/wp-content\/uploads\/2026\/03\/ELEVATION-RENDERING-RESTO-150x150.jpg 150w, https:\/\/johannasonokpon.com\/wp-content\/uploads\/2026\/03\/ELEVATION-RENDERING-RESTO-768x768.jpg 768w, https:\/\/johannasonokpon.com\/wp-content\/uploads\/2026\/03\/ELEVATION-RENDERING-RESTO-1536x1536.jpg 1536w, https:\/\/johannasonokpon.com\/wp-content\/uploads\/2026\/03\/ELEVATION-RENDERING-RESTO-12x12.jpg 12w\" sizes=\"auto, (max-width: 1920px) 100vw, 1920px\" \/><\/figure>\n<\/figure>\n<\/div>\n\n\n\n<p><\/p>\n<\/div>","protected":false},"excerpt":{"rendered":"<p>Restaurant Sir\u00e8ne Bleu Interior Systems and Circulation, Coll\u00e8ge Vanier | Octobre 2025 \u2013 Novembre 2025 Ce projet consistait \u00e0 concevoir l\u2019am\u00e9nagement int\u00e9rieur d\u2019un restaurant en portant une attention particuli\u00e8re aux principes de circulation et de design int\u00e9rieur. L\u2019objectif \u00e9tait de cr\u00e9er un espace fonctionnel et agr\u00e9able pour les usagers tout en assurant une organisation efficace [&hellip;]<\/p>\n","protected":false},"author":1,"featured_media":0,"parent":0,"menu_order":0,"comment_status":"closed","ping_status":"closed","template":"","meta":{"footnotes":""},"class_list":["post-94","page","type-page","status-publish","hentry"],"_links":{"self":[{"href":"https:\/\/johannasonokpon.com\/en\/wp-json\/wp\/v2\/pages\/94","targetHints":{"allow":["GET"]}}],"collection":[{"href":"https:\/\/johannasonokpon.com\/en\/wp-json\/wp\/v2\/pages"}],"about":[{"href":"https:\/\/johannasonokpon.com\/en\/wp-json\/wp\/v2\/types\/page"}],"author":[{"embeddable":true,"href":"https:\/\/johannasonokpon.com\/en\/wp-json\/wp\/v2\/users\/1"}],"replies":[{"embeddable":true,"href":"https:\/\/johannasonokpon.com\/en\/wp-json\/wp\/v2\/comments?post=94"}],"version-history":[{"count":5,"href":"https:\/\/johannasonokpon.com\/en\/wp-json\/wp\/v2\/pages\/94\/revisions"}],"predecessor-version":[{"id":150,"href":"https:\/\/johannasonokpon.com\/en\/wp-json\/wp\/v2\/pages\/94\/revisions\/150"}],"wp:attachment":[{"href":"https:\/\/johannasonokpon.com\/en\/wp-json\/wp\/v2\/media?parent=94"}],"curies":[{"name":"wp","href":"https:\/\/api.w.org\/{rel}","templated":true}]}}