{"id":69,"date":"2026-03-18T18:54:24","date_gmt":"2026-03-18T18:54:24","guid":{"rendered":"https:\/\/johannasonokpon.com\/?page_id=69"},"modified":"2026-03-18T22:15:41","modified_gmt":"2026-03-18T22:15:41","slug":"gilmore-academy-student-center","status":"publish","type":"page","link":"https:\/\/johannasonokpon.com\/en\/gilmore-academy-student-center\/","title":{"rendered":"GILMORE ACADEMY STUDENT CENTER"},"content":{"rendered":"<div class=\"wp-block-post-date\"><time datetime=\"2025-12-01T15:13:00\">December 1, 2025<\/time><\/div>\n\n\n<figure class=\"wp-block-image alignfull wp-duotone-unset-1\"><img loading=\"lazy\" decoding=\"async\" width=\"1024\" height=\"576\" src=\"https:\/\/johannasonokpon.com\/wp-content\/uploads\/2026\/03\/RENDERING-PROJECT-3_2-Photo-1024x576.jpg\" alt=\"\" class=\"wp-image-68\" srcset=\"https:\/\/johannasonokpon.com\/wp-content\/uploads\/2026\/03\/RENDERING-PROJECT-3_2-Photo-1024x576.jpg 1024w, https:\/\/johannasonokpon.com\/wp-content\/uploads\/2026\/03\/RENDERING-PROJECT-3_2-Photo-300x169.jpg 300w, https:\/\/johannasonokpon.com\/wp-content\/uploads\/2026\/03\/RENDERING-PROJECT-3_2-Photo-768x432.jpg 768w, https:\/\/johannasonokpon.com\/wp-content\/uploads\/2026\/03\/RENDERING-PROJECT-3_2-Photo-1536x864.jpg 1536w, https:\/\/johannasonokpon.com\/wp-content\/uploads\/2026\/03\/RENDERING-PROJECT-3_2-Photo-18x10.jpg 18w, https:\/\/johannasonokpon.com\/wp-content\/uploads\/2026\/03\/RENDERING-PROJECT-3_2-Photo.jpg 1920w\" sizes=\"auto, (max-width: 1024px) 100vw, 1024px\" \/><\/figure>\n\n\n\n<div class=\"wp-block-group alignfull has-global-padding is-layout-constrained wp-block-group-is-layout-constrained\" style=\"margin-top:0;margin-bottom:0;padding-top:var(--wp--preset--spacing--80);padding-bottom:var(--wp--preset--spacing--80)\">\n<h2 class=\"wp-block-heading alignwide has-x-large-font-size\"><br><strong>Gilmore Academy Student Center<br><\/strong> <em>Project 3 et Project Manual, Coll\u00e8ge Vanier | Ao\u00fbt 2025 \u2013 D\u00e9cembre 2025<\/em><\/h2>\n\n\n\n<div class=\"wp-block-group has-global-padding is-layout-constrained wp-block-group-is-layout-constrained\">\n<p>Ce projet d\u2019\u00e9quipe consistait \u00e0 concevoir un centre \u00e9tudiant de quatre \u00e9tages pour l\u2019acad\u00e9mie Gilmore. Le b\u00e2timent comprend plusieurs espaces destin\u00e9s aux \u00e9tudiants, dont un lounge \u00e9tudiant, une biblioth\u00e8que, un caf\u00e9 \u00e9tudiant ainsi qu\u2019un centre de ressources \u00e9tudiant. L\u2019am\u00e9nagement vise \u00e0 favoriser la collaboration et la vie sur le campus. Le projet int\u00e8gre \u00e9galement un toit vert afin de soutenir une approche plus durable et d\u2019offrir un espace ext\u00e9rieur suppl\u00e9mentaire. Ma contribution principale portait sur le d\u00e9veloppement et la conception du quatri\u00e8me \u00e9tage. Ce projet a \u00e9t\u00e9 mod\u00e9lis\u00e9 et r\u00e9alis\u00e9 \u00e0 l\u2019aide des logiciels: SketchUp, Canva, Revit et Lumion.<\/p>\n\n\n\n<p><\/p>\n<\/div>\n<\/div>\n\n\n\n<h1 class=\"wp-block-heading has-text-align-center\">GALLERIE<\/h1>\n\n\n\n<div class=\"wp-block-group alignfull has-global-padding is-layout-constrained wp-block-group-is-layout-constrained\" style=\"margin-top:0;margin-bottom:0;padding-top:var(--wp--preset--spacing--50);padding-bottom:var(--wp--preset--spacing--50)\">\n<div class=\"wp-block-group alignwide is-layout-grid wp-container-core-group-is-layout-21f393a4 wp-block-group-is-layout-grid\">\n<div data-wp-interactive=\"core\/file\" class=\"wp-block-file wp-container-content-24abb3e4\"><object data-wp-bind--hidden=\"!state.hasPdfPreview\" hidden class=\"wp-block-file__embed\" data=\"https:\/\/johannasonokpon.com\/wp-content\/uploads\/2026\/03\/GILMORE-ACADEMY-STUDENT-CENTER-DRAWINGS-JOHANNA-SONOKPON.pdf\" type=\"application\/pdf\" style=\"width:100%;height:740px\" aria-label=\"Embed of GILMORE ACADEMY STUDENT CENTER DRAWINGS JOHANNA SONOKPON.\"><\/object><a id=\"wp-block-file--media-c3940e9e-bf75-464d-a938-640f2ff2a6d4\" href=\"https:\/\/johannasonokpon.com\/wp-content\/uploads\/2026\/03\/GILMORE-ACADEMY-STUDENT-CENTER-DRAWINGS-JOHANNA-SONOKPON.pdf\">GILMORE ACADEMY STUDENT CENTER DRAWINGS JOHANNA SONOKPON<\/a><a href=\"https:\/\/johannasonokpon.com\/wp-content\/uploads\/2026\/03\/GILMORE-ACADEMY-STUDENT-CENTER-DRAWINGS-JOHANNA-SONOKPON.pdf\" class=\"wp-block-file__button wp-element-button\" download aria-describedby=\"wp-block-file--media-c3940e9e-bf75-464d-a938-640f2ff2a6d4\">Download<\/a><\/div>\n\n\n\n<div data-wp-interactive=\"core\/file\" class=\"wp-block-file wp-container-content-24abb3e4\"><object data-wp-bind--hidden=\"!state.hasPdfPreview\" hidden class=\"wp-block-file__embed\" data=\"https:\/\/johannasonokpon.com\/wp-content\/uploads\/2026\/03\/GILMORE-ACADEMY-STUDENT-CENTER-GREEN-ROOF-.pdf-1.pdf\" type=\"application\/pdf\" style=\"width:100%;height:880px\" aria-label=\"Embed of GILMORE ACADEMY STUDENT CENTER GREEN ROOF .pdf 1.\"><\/object><a id=\"wp-block-file--media-543613e0-ba7c-4792-8075-91630563a6f6\" href=\"https:\/\/johannasonokpon.com\/wp-content\/uploads\/2026\/03\/GILMORE-ACADEMY-STUDENT-CENTER-GREEN-ROOF-.pdf-1.pdf\">GILMORE ACADEMY STUDENT CENTER GREEN ROOF .pdf 1<\/a><a href=\"https:\/\/johannasonokpon.com\/wp-content\/uploads\/2026\/03\/GILMORE-ACADEMY-STUDENT-CENTER-GREEN-ROOF-.pdf-1.pdf\" class=\"wp-block-file__button wp-element-button\" download aria-describedby=\"wp-block-file--media-543613e0-ba7c-4792-8075-91630563a6f6\">Download<\/a><\/div>\n\n\n\n<div data-wp-interactive=\"core\/file\" class=\"wp-block-file wp-container-content-24abb3e4\"><object data-wp-bind--hidden=\"!state.hasPdfPreview\" hidden class=\"wp-block-file__embed\" data=\"https:\/\/johannasonokpon.com\/wp-content\/uploads\/2026\/03\/moodboard-green-roof.pdf\" type=\"application\/pdf\" style=\"width:100%;height:880px\" aria-label=\"Embed of moodboard green roof.\"><\/object><a id=\"wp-block-file--media-16221a62-eff7-4b3b-8271-58bb5dc324fa\" href=\"https:\/\/johannasonokpon.com\/wp-content\/uploads\/2026\/03\/moodboard-green-roof.pdf\">moodboard green roof<\/a><a href=\"https:\/\/johannasonokpon.com\/wp-content\/uploads\/2026\/03\/moodboard-green-roof.pdf\" class=\"wp-block-file__button wp-element-button\" download aria-describedby=\"wp-block-file--media-16221a62-eff7-4b3b-8271-58bb5dc324fa\">Download<\/a><\/div>\n\n\n\n<div data-wp-interactive=\"core\/file\" class=\"wp-block-file wp-container-content-24abb3e4\"><object data-wp-bind--hidden=\"!state.hasPdfPreview\" hidden class=\"wp-block-file__embed\" data=\"https:\/\/johannasonokpon.com\/wp-content\/uploads\/2026\/03\/SCHEMATIC-DESIGN.pdf\" type=\"application\/pdf\" style=\"width:100%;height:1140px\" aria-label=\"Embed of SCHEMATIC DESIGN.\"><\/object><a id=\"wp-block-file--media-1a3b19e6-ce9c-44b0-819a-bd24070b9b99\" href=\"https:\/\/johannasonokpon.com\/wp-content\/uploads\/2026\/03\/SCHEMATIC-DESIGN.pdf\">SCHEMATIC DESIGN<\/a><a href=\"https:\/\/johannasonokpon.com\/wp-content\/uploads\/2026\/03\/SCHEMATIC-DESIGN.pdf\" class=\"wp-block-file__button wp-element-button\" download aria-describedby=\"wp-block-file--media-1a3b19e6-ce9c-44b0-819a-bd24070b9b99\">Download<\/a><\/div>\n\n\n\n<figure class=\"wp-block-gallery has-nested-images columns-default is-cropped wp-block-gallery-2 wp-container-content-24abb3e4 is-layout-flex wp-block-gallery-is-layout-flex\">\n<figure class=\"wp-block-image size-full\"><img loading=\"lazy\" decoding=\"async\" width=\"1920\" height=\"1080\" data-id=\"78\" src=\"https:\/\/johannasonokpon.com\/wp-content\/uploads\/2026\/03\/GREEN-ROOF-RENDERS-5.jpg\" alt=\"\" class=\"wp-image-78\" srcset=\"https:\/\/johannasonokpon.com\/wp-content\/uploads\/2026\/03\/GREEN-ROOF-RENDERS-5.jpg 1920w, https:\/\/johannasonokpon.com\/wp-content\/uploads\/2026\/03\/GREEN-ROOF-RENDERS-5-300x169.jpg 300w, https:\/\/johannasonokpon.com\/wp-content\/uploads\/2026\/03\/GREEN-ROOF-RENDERS-5-1024x576.jpg 1024w, https:\/\/johannasonokpon.com\/wp-content\/uploads\/2026\/03\/GREEN-ROOF-RENDERS-5-768x432.jpg 768w, https:\/\/johannasonokpon.com\/wp-content\/uploads\/2026\/03\/GREEN-ROOF-RENDERS-5-1536x864.jpg 1536w, https:\/\/johannasonokpon.com\/wp-content\/uploads\/2026\/03\/GREEN-ROOF-RENDERS-5-18x10.jpg 18w\" sizes=\"auto, (max-width: 1920px) 100vw, 1920px\" \/><\/figure>\n\n\n\n<figure class=\"wp-block-image size-full\"><img loading=\"lazy\" decoding=\"async\" width=\"1920\" height=\"1080\" data-id=\"80\" src=\"https:\/\/johannasonokpon.com\/wp-content\/uploads\/2026\/03\/GREEN-ROOF-RENDERS-4.jpg\" alt=\"\" class=\"wp-image-80\" srcset=\"https:\/\/johannasonokpon.com\/wp-content\/uploads\/2026\/03\/GREEN-ROOF-RENDERS-4.jpg 1920w, https:\/\/johannasonokpon.com\/wp-content\/uploads\/2026\/03\/GREEN-ROOF-RENDERS-4-300x169.jpg 300w, https:\/\/johannasonokpon.com\/wp-content\/uploads\/2026\/03\/GREEN-ROOF-RENDERS-4-1024x576.jpg 1024w, https:\/\/johannasonokpon.com\/wp-content\/uploads\/2026\/03\/GREEN-ROOF-RENDERS-4-768x432.jpg 768w, https:\/\/johannasonokpon.com\/wp-content\/uploads\/2026\/03\/GREEN-ROOF-RENDERS-4-1536x864.jpg 1536w, https:\/\/johannasonokpon.com\/wp-content\/uploads\/2026\/03\/GREEN-ROOF-RENDERS-4-18x10.jpg 18w\" sizes=\"auto, (max-width: 1920px) 100vw, 1920px\" \/><\/figure>\n\n\n\n<figure class=\"wp-block-image size-full\"><img loading=\"lazy\" decoding=\"async\" width=\"1920\" height=\"1080\" data-id=\"79\" src=\"https:\/\/johannasonokpon.com\/wp-content\/uploads\/2026\/03\/GREEN-ROOF-RENDERS-2.jpg\" alt=\"\" class=\"wp-image-79\" srcset=\"https:\/\/johannasonokpon.com\/wp-content\/uploads\/2026\/03\/GREEN-ROOF-RENDERS-2.jpg 1920w, https:\/\/johannasonokpon.com\/wp-content\/uploads\/2026\/03\/GREEN-ROOF-RENDERS-2-300x169.jpg 300w, https:\/\/johannasonokpon.com\/wp-content\/uploads\/2026\/03\/GREEN-ROOF-RENDERS-2-1024x576.jpg 1024w, https:\/\/johannasonokpon.com\/wp-content\/uploads\/2026\/03\/GREEN-ROOF-RENDERS-2-768x432.jpg 768w, https:\/\/johannasonokpon.com\/wp-content\/uploads\/2026\/03\/GREEN-ROOF-RENDERS-2-1536x864.jpg 1536w, https:\/\/johannasonokpon.com\/wp-content\/uploads\/2026\/03\/GREEN-ROOF-RENDERS-2-18x10.jpg 18w\" sizes=\"auto, (max-width: 1920px) 100vw, 1920px\" \/><\/figure>\n\n\n\n<figure class=\"wp-block-image size-full is-style-default\"><img loading=\"lazy\" decoding=\"async\" width=\"1920\" height=\"1080\" data-id=\"76\" src=\"https:\/\/johannasonokpon.com\/wp-content\/uploads\/2026\/03\/GREEN-ROOF-RENDERS-1.jpg\" alt=\"\" class=\"wp-image-76\" style=\"object-fit:cover\" srcset=\"https:\/\/johannasonokpon.com\/wp-content\/uploads\/2026\/03\/GREEN-ROOF-RENDERS-1.jpg 1920w, https:\/\/johannasonokpon.com\/wp-content\/uploads\/2026\/03\/GREEN-ROOF-RENDERS-1-300x169.jpg 300w, https:\/\/johannasonokpon.com\/wp-content\/uploads\/2026\/03\/GREEN-ROOF-RENDERS-1-1024x576.jpg 1024w, https:\/\/johannasonokpon.com\/wp-content\/uploads\/2026\/03\/GREEN-ROOF-RENDERS-1-768x432.jpg 768w, https:\/\/johannasonokpon.com\/wp-content\/uploads\/2026\/03\/GREEN-ROOF-RENDERS-1-1536x864.jpg 1536w, https:\/\/johannasonokpon.com\/wp-content\/uploads\/2026\/03\/GREEN-ROOF-RENDERS-1-18x10.jpg 18w\" sizes=\"auto, (max-width: 1920px) 100vw, 1920px\" \/><\/figure>\n\n\n\n<figure class=\"wp-block-image size-full\"><img loading=\"lazy\" decoding=\"async\" width=\"1920\" height=\"1080\" data-id=\"77\" src=\"https:\/\/johannasonokpon.com\/wp-content\/uploads\/2026\/03\/GREEN-ROOF-RENDERS-3.jpg\" alt=\"\" class=\"wp-image-77\" srcset=\"https:\/\/johannasonokpon.com\/wp-content\/uploads\/2026\/03\/GREEN-ROOF-RENDERS-3.jpg 1920w, https:\/\/johannasonokpon.com\/wp-content\/uploads\/2026\/03\/GREEN-ROOF-RENDERS-3-300x169.jpg 300w, https:\/\/johannasonokpon.com\/wp-content\/uploads\/2026\/03\/GREEN-ROOF-RENDERS-3-1024x576.jpg 1024w, https:\/\/johannasonokpon.com\/wp-content\/uploads\/2026\/03\/GREEN-ROOF-RENDERS-3-768x432.jpg 768w, https:\/\/johannasonokpon.com\/wp-content\/uploads\/2026\/03\/GREEN-ROOF-RENDERS-3-1536x864.jpg 1536w, https:\/\/johannasonokpon.com\/wp-content\/uploads\/2026\/03\/GREEN-ROOF-RENDERS-3-18x10.jpg 18w\" sizes=\"auto, (max-width: 1920px) 100vw, 1920px\" \/><\/figure>\n\n\n\n<figure class=\"wp-block-image size-full\"><img loading=\"lazy\" decoding=\"async\" width=\"1920\" height=\"1080\" data-id=\"153\" src=\"https:\/\/johannasonokpon.com\/wp-content\/uploads\/2026\/03\/GILMORE-ACADEMY-STUDENT-CENTER-RENDER.jpg\" alt=\"\" class=\"wp-image-153\" srcset=\"https:\/\/johannasonokpon.com\/wp-content\/uploads\/2026\/03\/GILMORE-ACADEMY-STUDENT-CENTER-RENDER.jpg 1920w, https:\/\/johannasonokpon.com\/wp-content\/uploads\/2026\/03\/GILMORE-ACADEMY-STUDENT-CENTER-RENDER-300x169.jpg 300w, https:\/\/johannasonokpon.com\/wp-content\/uploads\/2026\/03\/GILMORE-ACADEMY-STUDENT-CENTER-RENDER-1024x576.jpg 1024w, https:\/\/johannasonokpon.com\/wp-content\/uploads\/2026\/03\/GILMORE-ACADEMY-STUDENT-CENTER-RENDER-768x432.jpg 768w, https:\/\/johannasonokpon.com\/wp-content\/uploads\/2026\/03\/GILMORE-ACADEMY-STUDENT-CENTER-RENDER-1536x864.jpg 1536w, https:\/\/johannasonokpon.com\/wp-content\/uploads\/2026\/03\/GILMORE-ACADEMY-STUDENT-CENTER-RENDER-18x10.jpg 18w\" sizes=\"auto, (max-width: 1920px) 100vw, 1920px\" \/><\/figure>\n<\/figure>\n<\/div>\n\n\n\n<p><\/p>\n<\/div>","protected":false},"excerpt":{"rendered":"<p>Gilmore Academy Student Center Project 3 et Project Manual, Coll\u00e8ge Vanier | Ao\u00fbt 2025 \u2013 D\u00e9cembre 2025 Ce projet d\u2019\u00e9quipe consistait \u00e0 concevoir un centre \u00e9tudiant de quatre \u00e9tages pour l\u2019acad\u00e9mie Gilmore. Le b\u00e2timent comprend plusieurs espaces destin\u00e9s aux \u00e9tudiants, dont un lounge \u00e9tudiant, une biblioth\u00e8que, un caf\u00e9 \u00e9tudiant ainsi qu\u2019un centre de ressources \u00e9tudiant. [&hellip;]<\/p>\n","protected":false},"author":1,"featured_media":0,"parent":0,"menu_order":0,"comment_status":"closed","ping_status":"closed","template":"","meta":{"footnotes":""},"class_list":["post-69","page","type-page","status-publish","hentry"],"_links":{"self":[{"href":"https:\/\/johannasonokpon.com\/en\/wp-json\/wp\/v2\/pages\/69","targetHints":{"allow":["GET"]}}],"collection":[{"href":"https:\/\/johannasonokpon.com\/en\/wp-json\/wp\/v2\/pages"}],"about":[{"href":"https:\/\/johannasonokpon.com\/en\/wp-json\/wp\/v2\/types\/page"}],"author":[{"embeddable":true,"href":"https:\/\/johannasonokpon.com\/en\/wp-json\/wp\/v2\/users\/1"}],"replies":[{"embeddable":true,"href":"https:\/\/johannasonokpon.com\/en\/wp-json\/wp\/v2\/comments?post=69"}],"version-history":[{"count":13,"href":"https:\/\/johannasonokpon.com\/en\/wp-json\/wp\/v2\/pages\/69\/revisions"}],"predecessor-version":[{"id":154,"href":"https:\/\/johannasonokpon.com\/en\/wp-json\/wp\/v2\/pages\/69\/revisions\/154"}],"wp:attachment":[{"href":"https:\/\/johannasonokpon.com\/en\/wp-json\/wp\/v2\/media?parent=69"}],"curies":[{"name":"wp","href":"https:\/\/api.w.org\/{rel}","templated":true}]}}