{"id":269,"date":"2026-03-19T05:27:58","date_gmt":"2026-03-19T05:27:58","guid":{"rendered":"https:\/\/johannasonokpon.com\/?page_id=269"},"modified":"2026-03-19T05:27:58","modified_gmt":"2026-03-19T05:27:58","slug":"vanier-house","status":"publish","type":"page","link":"https:\/\/johannasonokpon.com\/en\/vanier-house\/","title":{"rendered":"VANIER HOUSE"},"content":{"rendered":"<div class=\"wp-block-post-date\"><time datetime=\"2024-04-03T15:13:00\">April 3, 2024<\/time><\/div>\n\n\n<figure class=\"wp-block-image alignfull size-large wp-duotone-unset-1\"><img loading=\"lazy\" decoding=\"async\" width=\"1024\" height=\"735\" src=\"https:\/\/johannasonokpon.com\/wp-content\/uploads\/2026\/03\/Screenshot-2026-03-19-012223-1024x735.png\" alt=\"\" class=\"wp-image-268\" srcset=\"https:\/\/johannasonokpon.com\/wp-content\/uploads\/2026\/03\/Screenshot-2026-03-19-012223-1024x735.png 1024w, https:\/\/johannasonokpon.com\/wp-content\/uploads\/2026\/03\/Screenshot-2026-03-19-012223-300x215.png 300w, https:\/\/johannasonokpon.com\/wp-content\/uploads\/2026\/03\/Screenshot-2026-03-19-012223-768x551.png 768w, https:\/\/johannasonokpon.com\/wp-content\/uploads\/2026\/03\/Screenshot-2026-03-19-012223-1536x1102.png 1536w, https:\/\/johannasonokpon.com\/wp-content\/uploads\/2026\/03\/Screenshot-2026-03-19-012223-18x12.png 18w, https:\/\/johannasonokpon.com\/wp-content\/uploads\/2026\/03\/Screenshot-2026-03-19-012223.png 1645w\" sizes=\"auto, (max-width: 1024px) 100vw, 1024px\" \/><\/figure>\n\n\n\n<div class=\"wp-block-group alignfull has-global-padding is-layout-constrained wp-block-group-is-layout-constrained\" style=\"margin-top:0;margin-bottom:0;padding-top:var(--wp--preset--spacing--80);padding-bottom:var(--wp--preset--spacing--80)\">\n<h2 class=\"wp-block-heading alignwide has-x-large-font-size\"><br><strong>VANIER HOUSE<\/strong><strong><br><\/strong> <em>Computer Aided Drawing, College Vanier | Avril 2024<\/em><\/h2>\n\n\n\n<div class=\"wp-block-group has-global-padding is-layout-constrained wp-block-group-is-layout-constrained\">\n<p>Ce projet consistait \u00e0 produire un ensemble complet de dessins r\u00e9sidentiels \u00e0 l\u2019aide de AutoCAD. Le travail comprenait les plans, les \u00e9l\u00e9vations, les coupes du b\u00e2timent ainsi qu\u2019un plan de site. Le projet mettait l\u2019accent sur la production de dessins architecturaux clairs, pr\u00e9cis et bien coordonn\u00e9s, tout en d\u00e9veloppant des comp\u00e9tences en dessin technique.<br><\/p>\n<\/div>\n<\/div>\n\n\n\n<h1 class=\"wp-block-heading has-text-align-center\">GALLERIE<\/h1>\n\n\n\n<div class=\"wp-block-group alignfull has-global-padding is-layout-constrained wp-block-group-is-layout-constrained\" style=\"margin-top:0;margin-bottom:0;padding-top:var(--wp--preset--spacing--50);padding-bottom:var(--wp--preset--spacing--50)\">\n<div class=\"wp-block-group alignwide is-layout-grid wp-container-core-group-is-layout-21f393a4 wp-block-group-is-layout-grid\">\n<div data-wp-interactive=\"core\/file\" class=\"wp-block-file wp-container-content-24abb3e4\"><object data-wp-bind--hidden=\"!state.hasPdfPreview\" hidden class=\"wp-block-file__embed\" data=\"https:\/\/johannasonokpon.com\/wp-content\/uploads\/2026\/03\/vanier-house.pdf\" type=\"application\/pdf\" style=\"width:100%;height:930px\" aria-label=\"Embed of vanier house.\"><\/object><a id=\"wp-block-file--media-1a6bd300-0383-4ebb-b60e-49fe9c0f102d\" href=\"https:\/\/johannasonokpon.com\/wp-content\/uploads\/2026\/03\/vanier-house.pdf\">vanier house<\/a><a href=\"https:\/\/johannasonokpon.com\/wp-content\/uploads\/2026\/03\/vanier-house.pdf\" class=\"wp-block-file__button wp-element-button\" download aria-describedby=\"wp-block-file--media-1a6bd300-0383-4ebb-b60e-49fe9c0f102d\">Download<\/a><\/div>\n<\/div>\n\n\n\n<p><\/p>\n<\/div>","protected":false},"excerpt":{"rendered":"<p>VANIER HOUSE Computer Aided Drawing, College Vanier | Avril 2024 Ce projet consistait \u00e0 produire un ensemble complet de dessins r\u00e9sidentiels \u00e0 l\u2019aide de AutoCAD. Le travail comprenait les plans, les \u00e9l\u00e9vations, les coupes du b\u00e2timent ainsi qu\u2019un plan de site. Le projet mettait l\u2019accent sur la production de dessins architecturaux clairs, pr\u00e9cis et bien [&hellip;]<\/p>\n","protected":false},"author":1,"featured_media":0,"parent":0,"menu_order":0,"comment_status":"closed","ping_status":"closed","template":"","meta":{"footnotes":""},"class_list":["post-269","page","type-page","status-publish","hentry"],"_links":{"self":[{"href":"https:\/\/johannasonokpon.com\/en\/wp-json\/wp\/v2\/pages\/269","targetHints":{"allow":["GET"]}}],"collection":[{"href":"https:\/\/johannasonokpon.com\/en\/wp-json\/wp\/v2\/pages"}],"about":[{"href":"https:\/\/johannasonokpon.com\/en\/wp-json\/wp\/v2\/types\/page"}],"author":[{"embeddable":true,"href":"https:\/\/johannasonokpon.com\/en\/wp-json\/wp\/v2\/users\/1"}],"replies":[{"embeddable":true,"href":"https:\/\/johannasonokpon.com\/en\/wp-json\/wp\/v2\/comments?post=269"}],"version-history":[{"count":1,"href":"https:\/\/johannasonokpon.com\/en\/wp-json\/wp\/v2\/pages\/269\/revisions"}],"predecessor-version":[{"id":271,"href":"https:\/\/johannasonokpon.com\/en\/wp-json\/wp\/v2\/pages\/269\/revisions\/271"}],"wp:attachment":[{"href":"https:\/\/johannasonokpon.com\/en\/wp-json\/wp\/v2\/media?parent=269"}],"curies":[{"name":"wp","href":"https:\/\/api.w.org\/{rel}","templated":true}]}}