{"id":263,"date":"2026-03-19T05:17:50","date_gmt":"2026-03-19T05:17:50","guid":{"rendered":"https:\/\/johannasonokpon.com\/?page_id=263"},"modified":"2026-03-19T05:17:50","modified_gmt":"2026-03-19T05:17:50","slug":"developpement-dun-plan-residentiel","status":"publish","type":"page","link":"https:\/\/johannasonokpon.com\/en\/developpement-dun-plan-residentiel\/","title":{"rendered":"D\u00e9veloppement d\u2019un plan r\u00e9sidentiel"},"content":{"rendered":"<div class=\"wp-block-post-date\"><time datetime=\"2024-02-19T15:13:00\">February 19, 2024<\/time><\/div>\n\n\n<figure class=\"wp-block-image alignfull size-large wp-duotone-unset-1\"><img loading=\"lazy\" decoding=\"async\" width=\"1024\" height=\"784\" src=\"https:\/\/johannasonokpon.com\/wp-content\/uploads\/2026\/03\/Screenshot-2026-03-19-011727-1024x784.png\" alt=\"\" class=\"wp-image-265\" srcset=\"https:\/\/johannasonokpon.com\/wp-content\/uploads\/2026\/03\/Screenshot-2026-03-19-011727-1024x784.png 1024w, https:\/\/johannasonokpon.com\/wp-content\/uploads\/2026\/03\/Screenshot-2026-03-19-011727-300x230.png 300w, https:\/\/johannasonokpon.com\/wp-content\/uploads\/2026\/03\/Screenshot-2026-03-19-011727-768x588.png 768w, https:\/\/johannasonokpon.com\/wp-content\/uploads\/2026\/03\/Screenshot-2026-03-19-011727-16x12.png 16w, https:\/\/johannasonokpon.com\/wp-content\/uploads\/2026\/03\/Screenshot-2026-03-19-011727.png 1481w\" sizes=\"auto, (max-width: 1024px) 100vw, 1024px\" \/><\/figure>\n\n\n\n<div class=\"wp-block-group alignfull has-global-padding is-layout-constrained wp-block-group-is-layout-constrained\" style=\"margin-top:0;margin-bottom:0;padding-top:var(--wp--preset--spacing--80);padding-bottom:var(--wp--preset--spacing--80)\">\n<h2 class=\"wp-block-heading alignwide has-x-large-font-size\"><br><strong>D\u00e9veloppement d\u2019un plan r\u00e9sidentiel<\/strong><strong><br><\/strong> <em>Computer Aided Drawing, Coll\u00e8ge Vanier | F\u00e9vrier 2024<\/em><\/h2>\n\n\n\n<div class=\"wp-block-group has-global-padding is-layout-constrained wp-block-group-is-layout-constrained\">\n<p>Ce projet individuel consistait \u00e0 d\u00e9velopper progressivement un plan r\u00e9sidentiel \u00e0 l\u2019aide de AutoCAD. \u00c0 partir d\u2019instructions guid\u00e9es, le plan a \u00e9t\u00e9 am\u00e9lior\u00e9 \u00e0 travers plusieurs it\u00e9rations, passant d\u2019un am\u00e9nagement de base \u00e0 un plan enti\u00e8rement d\u00e9taill\u00e9 et am\u00e9nag\u00e9. L\u2019\u00e9tape finale comprenait un agrandissement d\u00e9taill\u00e9 du plan de la cuisine. Le projet mettait l\u2019accent sur la pr\u00e9cision du dessin, le d\u00e9veloppement it\u00e9ratif et la clart\u00e9 graphique.<\/p>\n<\/div>\n<\/div>\n\n\n\n<h1 class=\"wp-block-heading has-text-align-center\">GALLERIE<\/h1>\n\n\n\n<div class=\"wp-block-group alignfull has-global-padding is-layout-constrained wp-block-group-is-layout-constrained\" style=\"margin-top:0;margin-bottom:0;padding-top:var(--wp--preset--spacing--50);padding-bottom:var(--wp--preset--spacing--50)\">\n<div class=\"wp-block-group alignwide is-layout-grid wp-container-core-group-is-layout-21f393a4 wp-block-group-is-layout-grid\">\n<div data-wp-interactive=\"core\/file\" class=\"wp-block-file wp-container-content-24abb3e4\"><object data-wp-bind--hidden=\"!state.hasPdfPreview\" hidden class=\"wp-block-file__embed\" data=\"https:\/\/johannasonokpon.com\/wp-content\/uploads\/2026\/03\/Developpement-dun-plan-residentiel.pdf\" type=\"application\/pdf\" style=\"width:100%;height:930px\" aria-label=\"Embed of D\u00e9veloppement d\u2019un plan r\u00e9sidentiel.\"><\/object><a id=\"wp-block-file--media-b4f5c806-4ac0-4103-8149-e0486b5bb7ed\" href=\"https:\/\/johannasonokpon.com\/wp-content\/uploads\/2026\/03\/Developpement-dun-plan-residentiel.pdf\">D\u00e9veloppement d\u2019un plan r\u00e9sidentiel<\/a><a href=\"https:\/\/johannasonokpon.com\/wp-content\/uploads\/2026\/03\/Developpement-dun-plan-residentiel.pdf\" class=\"wp-block-file__button wp-element-button\" download aria-describedby=\"wp-block-file--media-b4f5c806-4ac0-4103-8149-e0486b5bb7ed\">Download<\/a><\/div>\n<\/div>\n\n\n\n<p><\/p>\n<\/div>","protected":false},"excerpt":{"rendered":"<p>D\u00e9veloppement d\u2019un plan r\u00e9sidentiel Computer Aided Drawing, Coll\u00e8ge Vanier | F\u00e9vrier 2024 Ce projet individuel consistait \u00e0 d\u00e9velopper progressivement un plan r\u00e9sidentiel \u00e0 l\u2019aide de AutoCAD. \u00c0 partir d\u2019instructions guid\u00e9es, le plan a \u00e9t\u00e9 am\u00e9lior\u00e9 \u00e0 travers plusieurs it\u00e9rations, passant d\u2019un am\u00e9nagement de base \u00e0 un plan enti\u00e8rement d\u00e9taill\u00e9 et am\u00e9nag\u00e9. L\u2019\u00e9tape finale comprenait un [&hellip;]<\/p>\n","protected":false},"author":1,"featured_media":0,"parent":0,"menu_order":0,"comment_status":"closed","ping_status":"closed","template":"","meta":{"footnotes":""},"class_list":["post-263","page","type-page","status-publish","hentry"],"_links":{"self":[{"href":"https:\/\/johannasonokpon.com\/en\/wp-json\/wp\/v2\/pages\/263","targetHints":{"allow":["GET"]}}],"collection":[{"href":"https:\/\/johannasonokpon.com\/en\/wp-json\/wp\/v2\/pages"}],"about":[{"href":"https:\/\/johannasonokpon.com\/en\/wp-json\/wp\/v2\/types\/page"}],"author":[{"embeddable":true,"href":"https:\/\/johannasonokpon.com\/en\/wp-json\/wp\/v2\/users\/1"}],"replies":[{"embeddable":true,"href":"https:\/\/johannasonokpon.com\/en\/wp-json\/wp\/v2\/comments?post=263"}],"version-history":[{"count":1,"href":"https:\/\/johannasonokpon.com\/en\/wp-json\/wp\/v2\/pages\/263\/revisions"}],"predecessor-version":[{"id":266,"href":"https:\/\/johannasonokpon.com\/en\/wp-json\/wp\/v2\/pages\/263\/revisions\/266"}],"wp:attachment":[{"href":"https:\/\/johannasonokpon.com\/en\/wp-json\/wp\/v2\/media?parent=263"}],"curies":[{"name":"wp","href":"https:\/\/api.w.org\/{rel}","templated":true}]}}