{"id":247,"date":"2026-03-19T04:52:35","date_gmt":"2026-03-19T04:52:35","guid":{"rendered":"https:\/\/johannasonokpon.com\/?page_id=247"},"modified":"2026-03-19T04:57:25","modified_gmt":"2026-03-19T04:57:25","slug":"warehouse","status":"publish","type":"page","link":"https:\/\/johannasonokpon.com\/en\/warehouse\/","title":{"rendered":"WAREHOUSE DRAWING SET"},"content":{"rendered":"<div class=\"wp-block-post-date\"><time datetime=\"2024-12-06T15:13:00\">December 6, 2024<\/time><\/div>\n\n\n<figure class=\"wp-block-image alignfull size-full wp-duotone-unset-1\"><img loading=\"lazy\" decoding=\"async\" width=\"1188\" height=\"816\" src=\"https:\/\/johannasonokpon.com\/wp-content\/uploads\/2026\/03\/Screenshot-2026-03-19-004615.png\" alt=\"\" class=\"wp-image-246\" srcset=\"https:\/\/johannasonokpon.com\/wp-content\/uploads\/2026\/03\/Screenshot-2026-03-19-004615.png 1188w, https:\/\/johannasonokpon.com\/wp-content\/uploads\/2026\/03\/Screenshot-2026-03-19-004615-300x206.png 300w, https:\/\/johannasonokpon.com\/wp-content\/uploads\/2026\/03\/Screenshot-2026-03-19-004615-1024x703.png 1024w, https:\/\/johannasonokpon.com\/wp-content\/uploads\/2026\/03\/Screenshot-2026-03-19-004615-768x528.png 768w, https:\/\/johannasonokpon.com\/wp-content\/uploads\/2026\/03\/Screenshot-2026-03-19-004615-18x12.png 18w\" sizes=\"auto, (max-width: 1188px) 100vw, 1188px\" \/><\/figure>\n\n\n\n<div class=\"wp-block-group alignfull has-global-padding is-layout-constrained wp-block-group-is-layout-constrained\" style=\"margin-top:0;margin-bottom:0;padding-top:var(--wp--preset--spacing--80);padding-bottom:var(--wp--preset--spacing--80)\">\n<h2 class=\"wp-block-heading alignwide has-x-large-font-size\"><br><strong>Warehouse Drawing Set<\/strong><strong><br><\/strong> <em>Computer Aided Drawing 2, Coll\u00e8ge Vanier | D\u00e9cembre 2024<\/em><\/h2>\n\n\n\n<div class=\"wp-block-group has-global-padding is-layout-constrained wp-block-group-is-layout-constrained\">\n<p>Ce projet consistait \u00e0 r\u00e9aliser les plans et les \u00e9l\u00e9vations d\u2019un entrep\u00f4t industriel inspir\u00e9 des centres de distribution \u00e0 grande \u00e9chelle. Le travail mettait l\u2019accent sur la production de dessins architecturaux clairs et pr\u00e9cis, tout en d\u00e9veloppant des comp\u00e9tences en dessin technique. Le projet a \u00e9t\u00e9 r\u00e9alis\u00e9 \u00e0 l\u2019aide du logiciel Revit.<\/p>\n\n\n\n<p><\/p>\n<\/div>\n<\/div>\n\n\n\n<h1 class=\"wp-block-heading has-text-align-center\">GALLERIE<\/h1>\n\n\n\n<div class=\"wp-block-group alignfull has-global-padding is-layout-constrained wp-block-group-is-layout-constrained\" style=\"margin-top:0;margin-bottom:0;padding-top:var(--wp--preset--spacing--50);padding-bottom:var(--wp--preset--spacing--50)\">\n<div class=\"wp-block-group alignwide is-layout-grid wp-container-core-group-is-layout-21f393a4 wp-block-group-is-layout-grid\">\n<div data-wp-interactive=\"core\/file\" class=\"wp-block-file wp-container-content-24abb3e4\"><object data-wp-bind--hidden=\"!state.hasPdfPreview\" hidden class=\"wp-block-file__embed\" data=\"https:\/\/johannasonokpon.com\/wp-content\/uploads\/2026\/03\/20241206143431_REVIT_AMAZON_OFFICE_LAB_JOHANNA_SONOKPON_CAD_2_2024.pdf\" type=\"application\/pdf\" style=\"width:100%;height:740px\" aria-label=\"Embed of 20241206143431_REVIT_AMAZON_OFFICE_LAB_JOHANNA_SONOKPON_CAD_2_2024.\"><\/object><a id=\"wp-block-file--media-b866c1bb-ff0a-4bc7-8ea6-152b4f87c5ee\" href=\"https:\/\/johannasonokpon.com\/wp-content\/uploads\/2026\/03\/20241206143431_REVIT_AMAZON_OFFICE_LAB_JOHANNA_SONOKPON_CAD_2_2024.pdf\">20241206143431_REVIT_AMAZON_OFFICE_LAB_JOHANNA_SONOKPON_CAD_2_2024<\/a><a href=\"https:\/\/johannasonokpon.com\/wp-content\/uploads\/2026\/03\/20241206143431_REVIT_AMAZON_OFFICE_LAB_JOHANNA_SONOKPON_CAD_2_2024.pdf\" class=\"wp-block-file__button wp-element-button\" download aria-describedby=\"wp-block-file--media-b866c1bb-ff0a-4bc7-8ea6-152b4f87c5ee\">Download<\/a><\/div>\n<\/div>\n\n\n\n<p><\/p>\n<\/div>","protected":false},"excerpt":{"rendered":"<p>Warehouse Drawing Set Computer Aided Drawing 2, Coll\u00e8ge Vanier | D\u00e9cembre 2024 Ce projet consistait \u00e0 r\u00e9aliser les plans et les \u00e9l\u00e9vations d\u2019un entrep\u00f4t industriel inspir\u00e9 des centres de distribution \u00e0 grande \u00e9chelle. Le travail mettait l\u2019accent sur la production de dessins architecturaux clairs et pr\u00e9cis, tout en d\u00e9veloppant des comp\u00e9tences en dessin technique. Le [&hellip;]<\/p>\n","protected":false},"author":1,"featured_media":0,"parent":0,"menu_order":0,"comment_status":"closed","ping_status":"closed","template":"","meta":{"footnotes":""},"class_list":["post-247","page","type-page","status-publish","hentry"],"_links":{"self":[{"href":"https:\/\/johannasonokpon.com\/en\/wp-json\/wp\/v2\/pages\/247","targetHints":{"allow":["GET"]}}],"collection":[{"href":"https:\/\/johannasonokpon.com\/en\/wp-json\/wp\/v2\/pages"}],"about":[{"href":"https:\/\/johannasonokpon.com\/en\/wp-json\/wp\/v2\/types\/page"}],"author":[{"embeddable":true,"href":"https:\/\/johannasonokpon.com\/en\/wp-json\/wp\/v2\/users\/1"}],"replies":[{"embeddable":true,"href":"https:\/\/johannasonokpon.com\/en\/wp-json\/wp\/v2\/comments?post=247"}],"version-history":[{"count":2,"href":"https:\/\/johannasonokpon.com\/en\/wp-json\/wp\/v2\/pages\/247\/revisions"}],"predecessor-version":[{"id":250,"href":"https:\/\/johannasonokpon.com\/en\/wp-json\/wp\/v2\/pages\/247\/revisions\/250"}],"wp:attachment":[{"href":"https:\/\/johannasonokpon.com\/en\/wp-json\/wp\/v2\/media?parent=247"}],"curies":[{"name":"wp","href":"https:\/\/api.w.org\/{rel}","templated":true}]}}