{"id":242,"date":"2026-03-19T04:41:54","date_gmt":"2026-03-19T04:41:54","guid":{"rendered":"https:\/\/johannasonokpon.com\/?page_id=242"},"modified":"2026-03-19T04:41:55","modified_gmt":"2026-03-19T04:41:55","slug":"project-1","status":"publish","type":"page","link":"https:\/\/johannasonokpon.com\/en\/project-1\/","title":{"rendered":"PROJECT 1"},"content":{"rendered":"<div class=\"wp-block-post-date\"><time datetime=\"2024-12-05T15:13:00\">December 5, 2024<\/time><\/div>\n\n\n<figure class=\"wp-block-image alignfull size-full wp-duotone-unset-1\"><img loading=\"lazy\" decoding=\"async\" width=\"1318\" height=\"969\" src=\"https:\/\/johannasonokpon.com\/wp-content\/uploads\/2026\/03\/Screenshot-2026-03-19-003326.png\" alt=\"\" class=\"wp-image-240\" srcset=\"https:\/\/johannasonokpon.com\/wp-content\/uploads\/2026\/03\/Screenshot-2026-03-19-003326.png 1318w, https:\/\/johannasonokpon.com\/wp-content\/uploads\/2026\/03\/Screenshot-2026-03-19-003326-300x221.png 300w, https:\/\/johannasonokpon.com\/wp-content\/uploads\/2026\/03\/Screenshot-2026-03-19-003326-1024x753.png 1024w, https:\/\/johannasonokpon.com\/wp-content\/uploads\/2026\/03\/Screenshot-2026-03-19-003326-768x565.png 768w, https:\/\/johannasonokpon.com\/wp-content\/uploads\/2026\/03\/Screenshot-2026-03-19-003326-16x12.png 16w\" sizes=\"auto, (max-width: 1318px) 100vw, 1318px\" \/><\/figure>\n\n\n\n<div class=\"wp-block-group alignfull has-global-padding is-layout-constrained wp-block-group-is-layout-constrained\" style=\"margin-top:0;margin-bottom:0;padding-top:var(--wp--preset--spacing--80);padding-bottom:var(--wp--preset--spacing--80)\">\n<h2 class=\"wp-block-heading alignwide has-x-large-font-size\"><br><strong>Project 1<\/strong><strong><br><\/strong> <em>Project 1, Coll\u00e8ge Vanier | Septembre 2024 \u2013 D\u00e9cembre 2024<\/em><\/h2>\n\n\n\n<div class=\"wp-block-group has-global-padding is-layout-constrained wp-block-group-is-layout-constrained\">\n<p>Ce projet d\u2019\u00e9quipe consistait \u00e0 produire un ensemble complet de dessins r\u00e9sidentiels \u00e0 partir de plans existants \u00e0 l\u2019aide de AutoCAD. Le projet comprenait les plans d\u2019\u00e9tage, le plan de site, le plan de toiture, les \u00e9l\u00e9vations, les coupes de murs ainsi que des d\u00e9tails. <\/p>\n\n\n\n<p><\/p>\n<\/div>\n<\/div>\n\n\n\n<h1 class=\"wp-block-heading has-text-align-center\">GALLERIE<\/h1>\n\n\n\n<div class=\"wp-block-group alignfull has-global-padding is-layout-constrained wp-block-group-is-layout-constrained\" style=\"margin-top:0;margin-bottom:0;padding-top:var(--wp--preset--spacing--50);padding-bottom:var(--wp--preset--spacing--50)\">\n<div class=\"wp-block-group alignwide is-layout-grid wp-container-core-group-is-layout-21f393a4 wp-block-group-is-layout-grid\">\n<div data-wp-interactive=\"core\/file\" class=\"wp-block-file wp-container-content-24abb3e4\"><object data-wp-bind--hidden=\"!state.hasPdfPreview\" hidden class=\"wp-block-file__embed\" data=\"https:\/\/johannasonokpon.com\/wp-content\/uploads\/2026\/03\/PROJECT-1-2024.pdf\" type=\"application\/pdf\" style=\"width:100%;height:740px\" aria-label=\"Embed of PROJECT 1 2024.\"><\/object><a id=\"wp-block-file--media-6278e664-a24d-4a0c-befc-a26d710d00ef\" href=\"https:\/\/johannasonokpon.com\/wp-content\/uploads\/2026\/03\/PROJECT-1-2024.pdf\">PROJECT 1 2024<\/a><a href=\"https:\/\/johannasonokpon.com\/wp-content\/uploads\/2026\/03\/PROJECT-1-2024.pdf\" class=\"wp-block-file__button wp-element-button\" download aria-describedby=\"wp-block-file--media-6278e664-a24d-4a0c-befc-a26d710d00ef\">Download<\/a><\/div>\n<\/div>\n\n\n\n<p><\/p>\n<\/div>","protected":false},"excerpt":{"rendered":"<p>Project 1 Project 1, Coll\u00e8ge Vanier | Septembre 2024 \u2013 D\u00e9cembre 2024 Ce projet d\u2019\u00e9quipe consistait \u00e0 produire un ensemble complet de dessins r\u00e9sidentiels \u00e0 partir de plans existants \u00e0 l\u2019aide de AutoCAD. Le projet comprenait les plans d\u2019\u00e9tage, le plan de site, le plan de toiture, les \u00e9l\u00e9vations, les coupes de murs ainsi que [&hellip;]<\/p>\n","protected":false},"author":1,"featured_media":0,"parent":0,"menu_order":0,"comment_status":"closed","ping_status":"closed","template":"","meta":{"footnotes":""},"class_list":["post-242","page","type-page","status-publish","hentry"],"_links":{"self":[{"href":"https:\/\/johannasonokpon.com\/en\/wp-json\/wp\/v2\/pages\/242","targetHints":{"allow":["GET"]}}],"collection":[{"href":"https:\/\/johannasonokpon.com\/en\/wp-json\/wp\/v2\/pages"}],"about":[{"href":"https:\/\/johannasonokpon.com\/en\/wp-json\/wp\/v2\/types\/page"}],"author":[{"embeddable":true,"href":"https:\/\/johannasonokpon.com\/en\/wp-json\/wp\/v2\/users\/1"}],"replies":[{"embeddable":true,"href":"https:\/\/johannasonokpon.com\/en\/wp-json\/wp\/v2\/comments?post=242"}],"version-history":[{"count":1,"href":"https:\/\/johannasonokpon.com\/en\/wp-json\/wp\/v2\/pages\/242\/revisions"}],"predecessor-version":[{"id":244,"href":"https:\/\/johannasonokpon.com\/en\/wp-json\/wp\/v2\/pages\/242\/revisions\/244"}],"wp:attachment":[{"href":"https:\/\/johannasonokpon.com\/en\/wp-json\/wp\/v2\/media?parent=242"}],"curies":[{"name":"wp","href":"https:\/\/api.w.org\/{rel}","templated":true}]}}