{"id":232,"date":"2026-03-19T04:27:24","date_gmt":"2026-03-19T04:27:24","guid":{"rendered":"https:\/\/johannasonokpon.com\/?page_id=232"},"modified":"2026-03-19T04:56:52","modified_gmt":"2026-03-19T04:56:52","slug":"luminous-house","status":"publish","type":"page","link":"https:\/\/johannasonokpon.com\/en\/luminous-house\/","title":{"rendered":"LUMINOUS HOUSE"},"content":{"rendered":"<div class=\"wp-block-post-date\"><time datetime=\"2024-12-05T15:13:00\">December 5, 2024<\/time><\/div>\n\n\n<figure class=\"wp-block-image alignfull size-large wp-duotone-unset-1\"><img loading=\"lazy\" decoding=\"async\" width=\"1024\" height=\"576\" src=\"https:\/\/johannasonokpon.com\/wp-content\/uploads\/2026\/03\/20241205195642_Screenshot_2024-12-05_195033-1024x576.png\" alt=\"\" class=\"wp-image-231\" srcset=\"https:\/\/johannasonokpon.com\/wp-content\/uploads\/2026\/03\/20241205195642_Screenshot_2024-12-05_195033-1024x576.png 1024w, https:\/\/johannasonokpon.com\/wp-content\/uploads\/2026\/03\/20241205195642_Screenshot_2024-12-05_195033-300x169.png 300w, https:\/\/johannasonokpon.com\/wp-content\/uploads\/2026\/03\/20241205195642_Screenshot_2024-12-05_195033-768x432.png 768w, https:\/\/johannasonokpon.com\/wp-content\/uploads\/2026\/03\/20241205195642_Screenshot_2024-12-05_195033-1536x864.png 1536w, https:\/\/johannasonokpon.com\/wp-content\/uploads\/2026\/03\/20241205195642_Screenshot_2024-12-05_195033-18x10.png 18w, https:\/\/johannasonokpon.com\/wp-content\/uploads\/2026\/03\/20241205195642_Screenshot_2024-12-05_195033.png 1921w\" sizes=\"auto, (max-width: 1024px) 100vw, 1024px\" \/><\/figure>\n\n\n\n<div class=\"wp-block-group alignfull has-global-padding is-layout-constrained wp-block-group-is-layout-constrained\" style=\"margin-top:0;margin-bottom:0;padding-top:var(--wp--preset--spacing--80);padding-bottom:var(--wp--preset--spacing--80)\">\n<h2 class=\"wp-block-heading alignwide has-x-large-font-size\"><br><strong>Luminous House<\/strong><strong><br><\/strong> <em>Design and Presentation 2, Coll\u00e8ge Vanier | Septembre 2024 \u2013 D\u00e9cembre 2024<\/em><\/h2>\n\n\n\n<div class=\"wp-block-group has-global-padding is-layout-constrained wp-block-group-is-layout-constrained\">\n<p>Ce projet d\u2019\u00e9quipe, r\u00e9alis\u00e9 en \u00e9quipe de deux, consistait \u00e0 cr\u00e9er une brochure pour une maison r\u00e9sidentielle avec un accent particulier sur la conception de la cuisine. Le projet comprenait la cr\u00e9ation d\u2019un concept de cuisine en SketchUp, ainsi que la production de plans de cuisine d\u00e9taill\u00e9s \u00e0 l\u2019aide de AutoCAD. L\u2019accent a \u00e9t\u00e9 mis sur l\u2019am\u00e9nagement spatial et la qualit\u00e9 de la pr\u00e9sentation. J\u2019ai con\u00e7u le c\u00f4t\u00e9 de la cuisine, tandis que ma partenaire, Jullissa Sainvil, a d\u00e9velopp\u00e9 la section salle \u00e0 manger.<\/p>\n\n\n\n<p><\/p>\n<\/div>\n<\/div>\n\n\n\n<h1 class=\"wp-block-heading has-text-align-center\">GALLERIE<\/h1>\n\n\n\n<div class=\"wp-block-group alignfull has-global-padding is-layout-constrained wp-block-group-is-layout-constrained\" style=\"margin-top:0;margin-bottom:0;padding-top:var(--wp--preset--spacing--50);padding-bottom:var(--wp--preset--spacing--50)\">\n<div class=\"wp-block-group alignwide is-layout-grid wp-container-core-group-is-layout-21f393a4 wp-block-group-is-layout-grid\">\n<div data-wp-interactive=\"core\/file\" class=\"wp-block-file wp-container-content-24abb3e4\"><object data-wp-bind--hidden=\"!state.hasPdfPreview\" hidden class=\"wp-block-file__embed\" data=\"https:\/\/johannasonokpon.com\/wp-content\/uploads\/2026\/03\/Luminous-House-BROCHURE.pdf\" type=\"application\/pdf\" style=\"width:100%;height:740px\" aria-label=\"Embed of Luminous House BROCHURE.\"><\/object><a id=\"wp-block-file--media-73ee66f7-9bf1-49ac-be2d-c29ef513a6b5\" href=\"https:\/\/johannasonokpon.com\/wp-content\/uploads\/2026\/03\/Luminous-House-BROCHURE.pdf\">Luminous House BROCHURE<\/a><a href=\"https:\/\/johannasonokpon.com\/wp-content\/uploads\/2026\/03\/Luminous-House-BROCHURE.pdf\" class=\"wp-block-file__button wp-element-button\" download aria-describedby=\"wp-block-file--media-73ee66f7-9bf1-49ac-be2d-c29ef513a6b5\">Download<\/a><\/div>\n\n\n\n<div data-wp-interactive=\"core\/file\" class=\"wp-block-file wp-container-content-24abb3e4\"><object data-wp-bind--hidden=\"!state.hasPdfPreview\" hidden class=\"wp-block-file__embed\" data=\"https:\/\/johannasonokpon.com\/wp-content\/uploads\/2026\/03\/kitchen-layout.pdf\" type=\"application\/pdf\" style=\"width:100%;height:740px\" aria-label=\"Embed of kitchen layout.\"><\/object><a id=\"wp-block-file--media-73ee66f7-9bf1-49ac-be2d-c29ef513a6b5\" href=\"https:\/\/johannasonokpon.com\/wp-content\/uploads\/2026\/03\/kitchen-layout.pdf\">kitchen layout<\/a><a href=\"https:\/\/johannasonokpon.com\/wp-content\/uploads\/2026\/03\/kitchen-layout.pdf\" class=\"wp-block-file__button wp-element-button\" download aria-describedby=\"wp-block-file--media-73ee66f7-9bf1-49ac-be2d-c29ef513a6b5\">Download<\/a><\/div>\n\n\n\n<div data-wp-interactive=\"core\/file\" class=\"wp-block-file wp-container-content-24abb3e4\"><object data-wp-bind--hidden=\"!state.hasPdfPreview\" hidden class=\"wp-block-file__embed\" data=\"https:\/\/johannasonokpon.com\/wp-content\/uploads\/2026\/03\/20240905020315_kitchen_luminous_house.pdf\" type=\"application\/pdf\" style=\"width:100%;height:740px\" aria-label=\"Embed of 20240905020315_kitchen_luminous_house.\"><\/object><a id=\"wp-block-file--media-150f9721-01e8-4613-9231-68bc17c5ac47\" href=\"https:\/\/johannasonokpon.com\/wp-content\/uploads\/2026\/03\/20240905020315_kitchen_luminous_house.pdf\">20240905020315_kitchen_luminous_house<\/a><a href=\"https:\/\/johannasonokpon.com\/wp-content\/uploads\/2026\/03\/20240905020315_kitchen_luminous_house.pdf\" class=\"wp-block-file__button wp-element-button\" download aria-describedby=\"wp-block-file--media-150f9721-01e8-4613-9231-68bc17c5ac47\">Download<\/a><\/div>\n\n\n\n<div data-wp-interactive=\"core\/file\" class=\"wp-block-file wp-container-content-24abb3e4\"><object data-wp-bind--hidden=\"!state.hasPdfPreview\" hidden class=\"wp-block-file__embed\" data=\"https:\/\/johannasonokpon.com\/wp-content\/uploads\/2026\/03\/20240829004558_Luminous_House_.pdf\" type=\"application\/pdf\" style=\"width:100%;height:740px\" aria-label=\"Embed of 20240829004558_Luminous_House_.\"><\/object><a id=\"wp-block-file--media-6ac5fb41-299b-4c8e-8741-91c8f46dd14e\" href=\"https:\/\/johannasonokpon.com\/wp-content\/uploads\/2026\/03\/20240829004558_Luminous_House_.pdf\">20240829004558_Luminous_House_<\/a><a href=\"https:\/\/johannasonokpon.com\/wp-content\/uploads\/2026\/03\/20240829004558_Luminous_House_.pdf\" class=\"wp-block-file__button wp-element-button\" download aria-describedby=\"wp-block-file--media-6ac5fb41-299b-4c8e-8741-91c8f46dd14e\">Download<\/a><\/div>\n\n\n\n<figure class=\"wp-block-gallery has-nested-images columns-default is-cropped wp-block-gallery-2 wp-container-content-24abb3e4 is-layout-flex wp-block-gallery-is-layout-flex\">\n<figure class=\"wp-block-image size-full\"><img loading=\"lazy\" decoding=\"async\" width=\"1921\" height=\"1080\" data-id=\"231\" src=\"https:\/\/johannasonokpon.com\/wp-content\/uploads\/2026\/03\/20241205195642_Screenshot_2024-12-05_195033.png\" alt=\"\" class=\"wp-image-231\" srcset=\"https:\/\/johannasonokpon.com\/wp-content\/uploads\/2026\/03\/20241205195642_Screenshot_2024-12-05_195033.png 1921w, https:\/\/johannasonokpon.com\/wp-content\/uploads\/2026\/03\/20241205195642_Screenshot_2024-12-05_195033-300x169.png 300w, https:\/\/johannasonokpon.com\/wp-content\/uploads\/2026\/03\/20241205195642_Screenshot_2024-12-05_195033-1024x576.png 1024w, https:\/\/johannasonokpon.com\/wp-content\/uploads\/2026\/03\/20241205195642_Screenshot_2024-12-05_195033-768x432.png 768w, https:\/\/johannasonokpon.com\/wp-content\/uploads\/2026\/03\/20241205195642_Screenshot_2024-12-05_195033-1536x864.png 1536w, https:\/\/johannasonokpon.com\/wp-content\/uploads\/2026\/03\/20241205195642_Screenshot_2024-12-05_195033-18x10.png 18w\" sizes=\"auto, (max-width: 1921px) 100vw, 1921px\" \/><\/figure>\n\n\n\n<figure class=\"wp-block-image size-full\"><img loading=\"lazy\" decoding=\"async\" width=\"1921\" height=\"1080\" data-id=\"235\" src=\"https:\/\/johannasonokpon.com\/wp-content\/uploads\/2026\/03\/20241205195659_Screenshot_2024-12-05_193934.png\" alt=\"\" class=\"wp-image-235\" srcset=\"https:\/\/johannasonokpon.com\/wp-content\/uploads\/2026\/03\/20241205195659_Screenshot_2024-12-05_193934.png 1921w, https:\/\/johannasonokpon.com\/wp-content\/uploads\/2026\/03\/20241205195659_Screenshot_2024-12-05_193934-300x169.png 300w, https:\/\/johannasonokpon.com\/wp-content\/uploads\/2026\/03\/20241205195659_Screenshot_2024-12-05_193934-1024x576.png 1024w, https:\/\/johannasonokpon.com\/wp-content\/uploads\/2026\/03\/20241205195659_Screenshot_2024-12-05_193934-768x432.png 768w, https:\/\/johannasonokpon.com\/wp-content\/uploads\/2026\/03\/20241205195659_Screenshot_2024-12-05_193934-1536x864.png 1536w, https:\/\/johannasonokpon.com\/wp-content\/uploads\/2026\/03\/20241205195659_Screenshot_2024-12-05_193934-18x10.png 18w\" sizes=\"auto, (max-width: 1921px) 100vw, 1921px\" \/><\/figure>\n<\/figure>\n<\/div>\n\n\n\n<p><\/p>\n<\/div>","protected":false},"excerpt":{"rendered":"<p>Luminous House Design and Presentation 2, Coll\u00e8ge Vanier | Septembre 2024 \u2013 D\u00e9cembre 2024 Ce projet d\u2019\u00e9quipe, r\u00e9alis\u00e9 en \u00e9quipe de deux, consistait \u00e0 cr\u00e9er une brochure pour une maison r\u00e9sidentielle avec un accent particulier sur la conception de la cuisine. Le projet comprenait la cr\u00e9ation d\u2019un concept de cuisine en SketchUp, ainsi que la [&hellip;]<\/p>\n","protected":false},"author":1,"featured_media":0,"parent":0,"menu_order":0,"comment_status":"closed","ping_status":"closed","template":"","meta":{"footnotes":""},"class_list":["post-232","page","type-page","status-publish","hentry"],"_links":{"self":[{"href":"https:\/\/johannasonokpon.com\/en\/wp-json\/wp\/v2\/pages\/232","targetHints":{"allow":["GET"]}}],"collection":[{"href":"https:\/\/johannasonokpon.com\/en\/wp-json\/wp\/v2\/pages"}],"about":[{"href":"https:\/\/johannasonokpon.com\/en\/wp-json\/wp\/v2\/types\/page"}],"author":[{"embeddable":true,"href":"https:\/\/johannasonokpon.com\/en\/wp-json\/wp\/v2\/users\/1"}],"replies":[{"embeddable":true,"href":"https:\/\/johannasonokpon.com\/en\/wp-json\/wp\/v2\/comments?post=232"}],"version-history":[{"count":2,"href":"https:\/\/johannasonokpon.com\/en\/wp-json\/wp\/v2\/pages\/232\/revisions"}],"predecessor-version":[{"id":255,"href":"https:\/\/johannasonokpon.com\/en\/wp-json\/wp\/v2\/pages\/232\/revisions\/255"}],"wp:attachment":[{"href":"https:\/\/johannasonokpon.com\/en\/wp-json\/wp\/v2\/media?parent=232"}],"curies":[{"name":"wp","href":"https:\/\/api.w.org\/{rel}","templated":true}]}}