{"id":193,"date":"2026-03-19T03:30:46","date_gmt":"2026-03-19T03:30:46","guid":{"rendered":"https:\/\/johannasonokpon.com\/?page_id=193"},"modified":"2026-03-19T04:13:39","modified_gmt":"2026-03-19T04:13:39","slug":"house-with-textures","status":"publish","type":"page","link":"https:\/\/johannasonokpon.com\/en\/house-with-textures\/","title":{"rendered":"HOUSE WITH TEXTURES"},"content":{"rendered":"<div class=\"wp-block-group alignfull has-global-padding is-layout-constrained wp-block-group-is-layout-constrained\">\n<figure class=\"wp-block-image alignfull\"><img loading=\"lazy\" decoding=\"async\" width=\"1024\" height=\"791\" src=\"https:\/\/johannasonokpon.com\/wp-content\/uploads\/2026\/03\/house-with-textures-sonokpon-1024x791.jpg\" alt=\"\" class=\"wp-image-192\" srcset=\"https:\/\/johannasonokpon.com\/wp-content\/uploads\/2026\/03\/house-with-textures-sonokpon-1024x791.jpg 1024w, https:\/\/johannasonokpon.com\/wp-content\/uploads\/2026\/03\/house-with-textures-sonokpon-300x232.jpg 300w, https:\/\/johannasonokpon.com\/wp-content\/uploads\/2026\/03\/house-with-textures-sonokpon-768x593.jpg 768w, https:\/\/johannasonokpon.com\/wp-content\/uploads\/2026\/03\/house-with-textures-sonokpon-1536x1187.jpg 1536w, https:\/\/johannasonokpon.com\/wp-content\/uploads\/2026\/03\/house-with-textures-sonokpon-2048x1583.jpg 2048w, https:\/\/johannasonokpon.com\/wp-content\/uploads\/2026\/03\/house-with-textures-sonokpon-16x12.jpg 16w\" sizes=\"auto, (max-width: 1024px) 100vw, 1024px\" \/><figcaption class=\"wp-element-caption\"><strong>House With Textures<br><\/strong> <em>Design and Presentation 2, Coll\u00e8ge Vanier | Novembre 2024<\/em><br>Ce projet individuel portait sur l\u2019application de textures \u00e0 une maison r\u00e9sidentielle \u00e0 l\u2019aide de Photoshop. Le travail consistait \u00e0 enrichir un mod\u00e8le de maison vierge en d\u00e9veloppant les finis ext\u00e9rieurs et en appliquant des mat\u00e9riaux sur un plan d\u2019\u00e9tage. L\u2019objectif \u00e9tait d\u2019explorer les techniques de pr\u00e9sentation visuelle et d\u2019am\u00e9liorer le r\u00e9alisme des dessins architecturaux.<br><\/figcaption><\/figure>\n\n\n\n<figure class=\"wp-block-image size-large\"><img loading=\"lazy\" decoding=\"async\" width=\"1024\" height=\"791\" src=\"https:\/\/johannasonokpon.com\/wp-content\/uploads\/2026\/03\/20240924153903_01plan_003_TH-2024-1024x791.jpg\" alt=\"\" class=\"wp-image-195\" srcset=\"https:\/\/johannasonokpon.com\/wp-content\/uploads\/2026\/03\/20240924153903_01plan_003_TH-2024-1024x791.jpg 1024w, https:\/\/johannasonokpon.com\/wp-content\/uploads\/2026\/03\/20240924153903_01plan_003_TH-2024-300x232.jpg 300w, https:\/\/johannasonokpon.com\/wp-content\/uploads\/2026\/03\/20240924153903_01plan_003_TH-2024-768x593.jpg 768w, https:\/\/johannasonokpon.com\/wp-content\/uploads\/2026\/03\/20240924153903_01plan_003_TH-2024-1536x1187.jpg 1536w, https:\/\/johannasonokpon.com\/wp-content\/uploads\/2026\/03\/20240924153903_01plan_003_TH-2024-2048x1583.jpg 2048w, https:\/\/johannasonokpon.com\/wp-content\/uploads\/2026\/03\/20240924153903_01plan_003_TH-2024-16x12.jpg 16w\" sizes=\"auto, (max-width: 1024px) 100vw, 1024px\" \/><\/figure>\n\n\n\n<figure class=\"wp-block-image size-large\"><img loading=\"lazy\" decoding=\"async\" width=\"1024\" height=\"663\" src=\"https:\/\/johannasonokpon.com\/wp-content\/uploads\/2026\/03\/20241003172854_Horizon_Line_H-6-1024x663.jpg\" alt=\"\" class=\"wp-image-227\" srcset=\"https:\/\/johannasonokpon.com\/wp-content\/uploads\/2026\/03\/20241003172854_Horizon_Line_H-6-1024x663.jpg 1024w, https:\/\/johannasonokpon.com\/wp-content\/uploads\/2026\/03\/20241003172854_Horizon_Line_H-6-300x194.jpg 300w, https:\/\/johannasonokpon.com\/wp-content\/uploads\/2026\/03\/20241003172854_Horizon_Line_H-6-768x497.jpg 768w, https:\/\/johannasonokpon.com\/wp-content\/uploads\/2026\/03\/20241003172854_Horizon_Line_H-6-1536x994.jpg 1536w, https:\/\/johannasonokpon.com\/wp-content\/uploads\/2026\/03\/20241003172854_Horizon_Line_H-6-2048x1325.jpg 2048w, https:\/\/johannasonokpon.com\/wp-content\/uploads\/2026\/03\/20241003172854_Horizon_Line_H-6-18x12.jpg 18w\" sizes=\"auto, (max-width: 1024px) 100vw, 1024px\" \/><\/figure>\n\n\n\n<figure class=\"wp-block-image size-large\"><img loading=\"lazy\" decoding=\"async\" width=\"1024\" height=\"791\" src=\"https:\/\/johannasonokpon.com\/wp-content\/uploads\/2026\/03\/House-003-2024-1024x791.jpg\" alt=\"\" class=\"wp-image-229\" srcset=\"https:\/\/johannasonokpon.com\/wp-content\/uploads\/2026\/03\/House-003-2024-1024x791.jpg 1024w, https:\/\/johannasonokpon.com\/wp-content\/uploads\/2026\/03\/House-003-2024-300x232.jpg 300w, https:\/\/johannasonokpon.com\/wp-content\/uploads\/2026\/03\/House-003-2024-768x593.jpg 768w, https:\/\/johannasonokpon.com\/wp-content\/uploads\/2026\/03\/House-003-2024-1536x1187.jpg 1536w, https:\/\/johannasonokpon.com\/wp-content\/uploads\/2026\/03\/House-003-2024-2048x1583.jpg 2048w, https:\/\/johannasonokpon.com\/wp-content\/uploads\/2026\/03\/House-003-2024-16x12.jpg 16w\" sizes=\"auto, (max-width: 1024px) 100vw, 1024px\" \/><\/figure>\n<\/div>","protected":false},"excerpt":{"rendered":"","protected":false},"author":1,"featured_media":0,"parent":0,"menu_order":0,"comment_status":"closed","ping_status":"closed","template":"","meta":{"footnotes":""},"class_list":["post-193","page","type-page","status-publish","hentry"],"_links":{"self":[{"href":"https:\/\/johannasonokpon.com\/en\/wp-json\/wp\/v2\/pages\/193","targetHints":{"allow":["GET"]}}],"collection":[{"href":"https:\/\/johannasonokpon.com\/en\/wp-json\/wp\/v2\/pages"}],"about":[{"href":"https:\/\/johannasonokpon.com\/en\/wp-json\/wp\/v2\/types\/page"}],"author":[{"embeddable":true,"href":"https:\/\/johannasonokpon.com\/en\/wp-json\/wp\/v2\/users\/1"}],"replies":[{"embeddable":true,"href":"https:\/\/johannasonokpon.com\/en\/wp-json\/wp\/v2\/comments?post=193"}],"version-history":[{"count":4,"href":"https:\/\/johannasonokpon.com\/en\/wp-json\/wp\/v2\/pages\/193\/revisions"}],"predecessor-version":[{"id":230,"href":"https:\/\/johannasonokpon.com\/en\/wp-json\/wp\/v2\/pages\/193\/revisions\/230"}],"wp:attachment":[{"href":"https:\/\/johannasonokpon.com\/en\/wp-json\/wp\/v2\/media?parent=193"}],"curies":[{"name":"wp","href":"https:\/\/api.w.org\/{rel}","templated":true}]}}