{"id":187,"date":"2026-03-19T02:06:50","date_gmt":"2026-03-19T02:06:50","guid":{"rendered":"https:\/\/johannasonokpon.com\/?page_id=187"},"modified":"2026-03-19T02:06:51","modified_gmt":"2026-03-19T02:06:51","slug":"projet-de-structure-en-beton-2","status":"publish","type":"page","link":"https:\/\/johannasonokpon.com\/en\/projet-de-structure-en-beton-2\/","title":{"rendered":"PROJET DE STRUCTURE EN B\u00c9TON"},"content":{"rendered":"<div class=\"wp-block-post-date\"><time datetime=\"2025-05-15T15:13:00\">May 15, 2025<\/time><\/div>\n\n\n<figure class=\"wp-block-image alignfull size-large wp-duotone-unset-1\"><img loading=\"lazy\" decoding=\"async\" width=\"1024\" height=\"783\" src=\"https:\/\/johannasonokpon.com\/wp-content\/uploads\/2026\/03\/Screenshot-2026-03-18-220614-1024x783.png\" alt=\"\" class=\"wp-image-189\" srcset=\"https:\/\/johannasonokpon.com\/wp-content\/uploads\/2026\/03\/Screenshot-2026-03-18-220614-1024x783.png 1024w, https:\/\/johannasonokpon.com\/wp-content\/uploads\/2026\/03\/Screenshot-2026-03-18-220614-300x230.png 300w, https:\/\/johannasonokpon.com\/wp-content\/uploads\/2026\/03\/Screenshot-2026-03-18-220614-768x588.png 768w, https:\/\/johannasonokpon.com\/wp-content\/uploads\/2026\/03\/Screenshot-2026-03-18-220614-16x12.png 16w, https:\/\/johannasonokpon.com\/wp-content\/uploads\/2026\/03\/Screenshot-2026-03-18-220614.png 1524w\" sizes=\"auto, (max-width: 1024px) 100vw, 1024px\" \/><\/figure>\n\n\n\n<div class=\"wp-block-group alignfull has-global-padding is-layout-constrained wp-block-group-is-layout-constrained\" style=\"margin-top:0;margin-bottom:0;padding-top:var(--wp--preset--spacing--80);padding-bottom:var(--wp--preset--spacing--80)\">\n<h2 class=\"wp-block-heading alignwide has-x-large-font-size\"><br><strong>QUIZ 2-EXERCICE CHRONOM\u00c9TR\u00c9<br><\/strong> <em>C<em>omputer Aided Drawing 3, Coll\u00e8ge Vanier | Mai 2025<\/em><\/em><\/h2>\n\n\n\n<div class=\"wp-block-group has-global-padding is-layout-constrained wp-block-group-is-layout-constrained\">\n<p>Ce projet individuel, r\u00e9alis\u00e9 sous forme d\u2019exercice chronom\u00e9tr\u00e9, consistait \u00e0 concevoir une maison r\u00e9sidentielle de deux \u00e9tages dans un d\u00e9lai de quatre heures. Le projet mettait l\u2019accent sur la rapidit\u00e9 d\u2019ex\u00e9cution, la pr\u00e9cision et l\u2019utilisation efficace de Revit pour produire les plans et les \u00e9l\u00e9vations. Une attention particuli\u00e8re a \u00e9t\u00e9 port\u00e9e \u00e0 la conception et au d\u00e9tail de la structure de la terrasse en bois.<\/p>\n<\/div>\n<\/div>\n\n\n\n<h1 class=\"wp-block-heading has-text-align-center\">GALLERIE<\/h1>\n\n\n\n<div class=\"wp-block-group alignfull has-global-padding is-layout-constrained wp-block-group-is-layout-constrained\" style=\"margin-top:0;margin-bottom:0;padding-top:var(--wp--preset--spacing--50);padding-bottom:var(--wp--preset--spacing--50)\">\n<div class=\"wp-block-group alignwide is-layout-grid wp-container-core-group-is-layout-21f393a4 wp-block-group-is-layout-grid\">\n<div data-wp-interactive=\"core\/file\" class=\"wp-block-file wp-container-content-24abb3e4\"><object data-wp-bind--hidden=\"!state.hasPdfPreview\" hidden class=\"wp-block-file__embed\" data=\"https:\/\/johannasonokpon.com\/wp-content\/uploads\/2026\/03\/QUIZ-2-CAD.pdf\" type=\"application\/pdf\" style=\"width:100%;height:930px\" aria-label=\"Embed of QUIZ 2 CAD.\"><\/object><a id=\"wp-block-file--media-485b8252-e2c0-46af-a4ce-78353d825bfd\" href=\"https:\/\/johannasonokpon.com\/wp-content\/uploads\/2026\/03\/QUIZ-2-CAD.pdf\">QUIZ 2 CAD<\/a><a href=\"https:\/\/johannasonokpon.com\/wp-content\/uploads\/2026\/03\/QUIZ-2-CAD.pdf\" class=\"wp-block-file__button wp-element-button\" download aria-describedby=\"wp-block-file--media-485b8252-e2c0-46af-a4ce-78353d825bfd\">Download<\/a><\/div>\n\n\n\n<figure class=\"wp-block-gallery has-nested-images columns-default is-cropped wp-block-gallery-2 wp-container-content-24abb3e4 is-layout-flex wp-block-gallery-is-layout-flex\"><\/figure>\n<\/div>\n\n\n\n<p><\/p>\n<\/div>\n\n\n\n<p><\/p>","protected":false},"excerpt":{"rendered":"<p>QUIZ 2-EXERCICE CHRONOM\u00c9TR\u00c9 Computer Aided Drawing 3, Coll\u00e8ge Vanier | Mai 2025 Ce projet individuel, r\u00e9alis\u00e9 sous forme d\u2019exercice chronom\u00e9tr\u00e9, consistait \u00e0 concevoir une maison r\u00e9sidentielle de deux \u00e9tages dans un d\u00e9lai de quatre heures. Le projet mettait l\u2019accent sur la rapidit\u00e9 d\u2019ex\u00e9cution, la pr\u00e9cision et l\u2019utilisation efficace de Revit pour produire les plans et [&hellip;]<\/p>\n","protected":false},"author":1,"featured_media":0,"parent":0,"menu_order":0,"comment_status":"closed","ping_status":"closed","template":"","meta":{"footnotes":""},"class_list":["post-187","page","type-page","status-publish","hentry"],"_links":{"self":[{"href":"https:\/\/johannasonokpon.com\/en\/wp-json\/wp\/v2\/pages\/187","targetHints":{"allow":["GET"]}}],"collection":[{"href":"https:\/\/johannasonokpon.com\/en\/wp-json\/wp\/v2\/pages"}],"about":[{"href":"https:\/\/johannasonokpon.com\/en\/wp-json\/wp\/v2\/types\/page"}],"author":[{"embeddable":true,"href":"https:\/\/johannasonokpon.com\/en\/wp-json\/wp\/v2\/users\/1"}],"replies":[{"embeddable":true,"href":"https:\/\/johannasonokpon.com\/en\/wp-json\/wp\/v2\/comments?post=187"}],"version-history":[{"count":1,"href":"https:\/\/johannasonokpon.com\/en\/wp-json\/wp\/v2\/pages\/187\/revisions"}],"predecessor-version":[{"id":190,"href":"https:\/\/johannasonokpon.com\/en\/wp-json\/wp\/v2\/pages\/187\/revisions\/190"}],"wp:attachment":[{"href":"https:\/\/johannasonokpon.com\/en\/wp-json\/wp\/v2\/media?parent=187"}],"curies":[{"name":"wp","href":"https:\/\/api.w.org\/{rel}","templated":true}]}}