{"id":177,"date":"2026-03-19T01:55:08","date_gmt":"2026-03-19T01:55:08","guid":{"rendered":"https:\/\/johannasonokpon.com\/?page_id=177"},"modified":"2026-03-19T01:55:09","modified_gmt":"2026-03-19T01:55:09","slug":"maple-house","status":"publish","type":"page","link":"https:\/\/johannasonokpon.com\/en\/maple-house\/","title":{"rendered":"MAPLE HOUSE"},"content":{"rendered":"<div class=\"wp-block-post-date\"><time datetime=\"2025-05-16T15:13:00\">May 16, 2025<\/time><\/div>\n\n\n<figure class=\"wp-block-image alignfull size-large wp-duotone-unset-1\"><img loading=\"lazy\" decoding=\"async\" width=\"1024\" height=\"576\" src=\"https:\/\/johannasonokpon.com\/wp-content\/uploads\/2026\/03\/lumion-render-1-1-1024x576.jpg\" alt=\"\" class=\"wp-image-178\" srcset=\"https:\/\/johannasonokpon.com\/wp-content\/uploads\/2026\/03\/lumion-render-1-1-1024x576.jpg 1024w, https:\/\/johannasonokpon.com\/wp-content\/uploads\/2026\/03\/lumion-render-1-1-300x169.jpg 300w, https:\/\/johannasonokpon.com\/wp-content\/uploads\/2026\/03\/lumion-render-1-1-768x432.jpg 768w, https:\/\/johannasonokpon.com\/wp-content\/uploads\/2026\/03\/lumion-render-1-1-1536x864.jpg 1536w, https:\/\/johannasonokpon.com\/wp-content\/uploads\/2026\/03\/lumion-render-1-1-18x10.jpg 18w, https:\/\/johannasonokpon.com\/wp-content\/uploads\/2026\/03\/lumion-render-1-1.jpg 1920w\" sizes=\"auto, (max-width: 1024px) 100vw, 1024px\" \/><\/figure>\n\n\n\n<div class=\"wp-block-group alignfull has-global-padding is-layout-constrained wp-block-group-is-layout-constrained\" style=\"margin-top:0;margin-bottom:0;padding-top:var(--wp--preset--spacing--80);padding-bottom:var(--wp--preset--spacing--80)\">\n<h2 class=\"wp-block-heading alignwide has-x-large-font-size\"><br><strong>Maple House<\/strong><strong><br><\/strong> <em>Computer Aided Drawing 3 Coll\u00e8ge Vanier | Mai 2025<\/em><\/h2>\n\n\n\n<div class=\"wp-block-group has-global-padding is-layout-constrained wp-block-group-is-layout-constrained\">\n<p>Ce projet consistait \u00e0 concevoir une maison r\u00e9sidentielle de deux \u00e9tages. Le projet mettait l\u2019accent sur la planification r\u00e9sidentielle, l\u2019organisation des espaces et la r\u00e9alisation de dessins architecturaux complets, incluant les plans d\u2019\u00e9tage et les \u00e9l\u00e9vations. La mod\u00e9lisation a \u00e9t\u00e9 r\u00e9alis\u00e9e avec Revit, et les rendus ont \u00e9t\u00e9 produits \u00e0 l\u2019aide de Lumion.<\/p>\n\n\n\n<p><\/p>\n<\/div>\n<\/div>\n\n\n\n<h1 class=\"wp-block-heading has-text-align-center\">GALLERIE<\/h1>\n\n\n\n<div class=\"wp-block-group alignfull has-global-padding is-layout-constrained wp-block-group-is-layout-constrained\" style=\"margin-top:0;margin-bottom:0;padding-top:var(--wp--preset--spacing--50);padding-bottom:var(--wp--preset--spacing--50)\">\n<div class=\"wp-block-group alignwide is-layout-grid wp-container-core-group-is-layout-21f393a4 wp-block-group-is-layout-grid\">\n<div data-wp-interactive=\"core\/file\" class=\"wp-block-file wp-container-content-24abb3e4\"><object data-wp-bind--hidden=\"!state.hasPdfPreview\" hidden class=\"wp-block-file__embed\" data=\"https:\/\/johannasonokpon.com\/wp-content\/uploads\/2026\/03\/MAPLE-HOUSE-JOHANNA-SONOKPON.pdf\" type=\"application\/pdf\" style=\"width:100%;height:740px\" aria-label=\"Embed of MAPLE HOUSE JOHANNA SONOKPON.\"><\/object><a id=\"wp-block-file--media-8c1daa1d-1935-4f77-83e5-a93873053287\" href=\"https:\/\/johannasonokpon.com\/wp-content\/uploads\/2026\/03\/MAPLE-HOUSE-JOHANNA-SONOKPON.pdf\">MAPLE HOUSE JOHANNA SONOKPON<\/a><a href=\"https:\/\/johannasonokpon.com\/wp-content\/uploads\/2026\/03\/MAPLE-HOUSE-JOHANNA-SONOKPON.pdf\" class=\"wp-block-file__button wp-element-button\" download aria-describedby=\"wp-block-file--media-8c1daa1d-1935-4f77-83e5-a93873053287\">Download<\/a><\/div>\n\n\n\n<figure class=\"wp-block-gallery has-nested-images columns-default is-cropped wp-block-gallery-2 wp-container-content-24abb3e4 is-layout-flex wp-block-gallery-is-layout-flex\">\n<figure class=\"wp-block-image size-full\"><img loading=\"lazy\" decoding=\"async\" width=\"1920\" height=\"1080\" data-id=\"180\" src=\"https:\/\/johannasonokpon.com\/wp-content\/uploads\/2026\/03\/000.jpg\" alt=\"\" class=\"wp-image-180\" srcset=\"https:\/\/johannasonokpon.com\/wp-content\/uploads\/2026\/03\/000.jpg 1920w, https:\/\/johannasonokpon.com\/wp-content\/uploads\/2026\/03\/000-300x169.jpg 300w, https:\/\/johannasonokpon.com\/wp-content\/uploads\/2026\/03\/000-1024x576.jpg 1024w, https:\/\/johannasonokpon.com\/wp-content\/uploads\/2026\/03\/000-768x432.jpg 768w, https:\/\/johannasonokpon.com\/wp-content\/uploads\/2026\/03\/000-1536x864.jpg 1536w, https:\/\/johannasonokpon.com\/wp-content\/uploads\/2026\/03\/000-18x10.jpg 18w\" sizes=\"auto, (max-width: 1920px) 100vw, 1920px\" \/><\/figure>\n\n\n\n<figure class=\"wp-block-image size-full\"><img loading=\"lazy\" decoding=\"async\" width=\"1920\" height=\"1080\" data-id=\"184\" src=\"https:\/\/johannasonokpon.com\/wp-content\/uploads\/2026\/03\/lumion-render-1-1-1.jpg\" alt=\"\" class=\"wp-image-184\" srcset=\"https:\/\/johannasonokpon.com\/wp-content\/uploads\/2026\/03\/lumion-render-1-1-1.jpg 1920w, https:\/\/johannasonokpon.com\/wp-content\/uploads\/2026\/03\/lumion-render-1-1-1-300x169.jpg 300w, https:\/\/johannasonokpon.com\/wp-content\/uploads\/2026\/03\/lumion-render-1-1-1-1024x576.jpg 1024w, https:\/\/johannasonokpon.com\/wp-content\/uploads\/2026\/03\/lumion-render-1-1-1-768x432.jpg 768w, https:\/\/johannasonokpon.com\/wp-content\/uploads\/2026\/03\/lumion-render-1-1-1-1536x864.jpg 1536w, https:\/\/johannasonokpon.com\/wp-content\/uploads\/2026\/03\/lumion-render-1-1-1-18x10.jpg 18w\" sizes=\"auto, (max-width: 1920px) 100vw, 1920px\" \/><\/figure>\n\n\n\n<figure class=\"wp-block-image size-full is-style-default\"><img loading=\"lazy\" decoding=\"async\" width=\"1920\" height=\"1080\" data-id=\"183\" src=\"https:\/\/johannasonokpon.com\/wp-content\/uploads\/2026\/03\/00011.jpg\" alt=\"\" class=\"wp-image-183\" style=\"object-fit:cover\" srcset=\"https:\/\/johannasonokpon.com\/wp-content\/uploads\/2026\/03\/00011.jpg 1920w, https:\/\/johannasonokpon.com\/wp-content\/uploads\/2026\/03\/00011-300x169.jpg 300w, https:\/\/johannasonokpon.com\/wp-content\/uploads\/2026\/03\/00011-1024x576.jpg 1024w, https:\/\/johannasonokpon.com\/wp-content\/uploads\/2026\/03\/00011-768x432.jpg 768w, https:\/\/johannasonokpon.com\/wp-content\/uploads\/2026\/03\/00011-1536x864.jpg 1536w, https:\/\/johannasonokpon.com\/wp-content\/uploads\/2026\/03\/00011-18x10.jpg 18w\" sizes=\"auto, (max-width: 1920px) 100vw, 1920px\" \/><\/figure>\n\n\n\n<figure class=\"wp-block-image size-full\"><img loading=\"lazy\" decoding=\"async\" width=\"1920\" height=\"1080\" data-id=\"181\" src=\"https:\/\/johannasonokpon.com\/wp-content\/uploads\/2026\/03\/001.jpg\" alt=\"\" class=\"wp-image-181\" srcset=\"https:\/\/johannasonokpon.com\/wp-content\/uploads\/2026\/03\/001.jpg 1920w, https:\/\/johannasonokpon.com\/wp-content\/uploads\/2026\/03\/001-300x169.jpg 300w, https:\/\/johannasonokpon.com\/wp-content\/uploads\/2026\/03\/001-1024x576.jpg 1024w, https:\/\/johannasonokpon.com\/wp-content\/uploads\/2026\/03\/001-768x432.jpg 768w, https:\/\/johannasonokpon.com\/wp-content\/uploads\/2026\/03\/001-1536x864.jpg 1536w, https:\/\/johannasonokpon.com\/wp-content\/uploads\/2026\/03\/001-18x10.jpg 18w\" sizes=\"auto, (max-width: 1920px) 100vw, 1920px\" \/><\/figure>\n\n\n\n<figure class=\"wp-block-image size-full\"><img loading=\"lazy\" decoding=\"async\" width=\"1920\" height=\"1080\" data-id=\"182\" src=\"https:\/\/johannasonokpon.com\/wp-content\/uploads\/2026\/03\/0002.jpg\" alt=\"\" class=\"wp-image-182\" srcset=\"https:\/\/johannasonokpon.com\/wp-content\/uploads\/2026\/03\/0002.jpg 1920w, https:\/\/johannasonokpon.com\/wp-content\/uploads\/2026\/03\/0002-300x169.jpg 300w, https:\/\/johannasonokpon.com\/wp-content\/uploads\/2026\/03\/0002-1024x576.jpg 1024w, https:\/\/johannasonokpon.com\/wp-content\/uploads\/2026\/03\/0002-768x432.jpg 768w, https:\/\/johannasonokpon.com\/wp-content\/uploads\/2026\/03\/0002-1536x864.jpg 1536w, https:\/\/johannasonokpon.com\/wp-content\/uploads\/2026\/03\/0002-18x10.jpg 18w\" sizes=\"auto, (max-width: 1920px) 100vw, 1920px\" \/><\/figure>\n<\/figure>\n<\/div>\n\n\n\n<p><\/p>\n<\/div>","protected":false},"excerpt":{"rendered":"<p>Maple House Computer Aided Drawing 3 Coll\u00e8ge Vanier | Mai 2025 Ce projet consistait \u00e0 concevoir une maison r\u00e9sidentielle de deux \u00e9tages. Le projet mettait l\u2019accent sur la planification r\u00e9sidentielle, l\u2019organisation des espaces et la r\u00e9alisation de dessins architecturaux complets, incluant les plans d\u2019\u00e9tage et les \u00e9l\u00e9vations. La mod\u00e9lisation a \u00e9t\u00e9 r\u00e9alis\u00e9e avec Revit, et [&hellip;]<\/p>\n","protected":false},"author":1,"featured_media":0,"parent":0,"menu_order":0,"comment_status":"closed","ping_status":"closed","template":"","meta":{"footnotes":""},"class_list":["post-177","page","type-page","status-publish","hentry"],"_links":{"self":[{"href":"https:\/\/johannasonokpon.com\/en\/wp-json\/wp\/v2\/pages\/177","targetHints":{"allow":["GET"]}}],"collection":[{"href":"https:\/\/johannasonokpon.com\/en\/wp-json\/wp\/v2\/pages"}],"about":[{"href":"https:\/\/johannasonokpon.com\/en\/wp-json\/wp\/v2\/types\/page"}],"author":[{"embeddable":true,"href":"https:\/\/johannasonokpon.com\/en\/wp-json\/wp\/v2\/users\/1"}],"replies":[{"embeddable":true,"href":"https:\/\/johannasonokpon.com\/en\/wp-json\/wp\/v2\/comments?post=177"}],"version-history":[{"count":1,"href":"https:\/\/johannasonokpon.com\/en\/wp-json\/wp\/v2\/pages\/177\/revisions"}],"predecessor-version":[{"id":185,"href":"https:\/\/johannasonokpon.com\/en\/wp-json\/wp\/v2\/pages\/177\/revisions\/185"}],"wp:attachment":[{"href":"https:\/\/johannasonokpon.com\/en\/wp-json\/wp\/v2\/media?parent=177"}],"curies":[{"name":"wp","href":"https:\/\/api.w.org\/{rel}","templated":true}]}}