{"id":172,"date":"2026-03-19T01:41:49","date_gmt":"2026-03-19T01:41:49","guid":{"rendered":"https:\/\/johannasonokpon.com\/?page_id=172"},"modified":"2026-03-19T01:41:50","modified_gmt":"2026-03-19T01:41:50","slug":"house-1","status":"publish","type":"page","link":"https:\/\/johannasonokpon.com\/en\/house-1\/","title":{"rendered":"HOUSE 1"},"content":{"rendered":"<div class=\"wp-block-post-date\"><time datetime=\"2025-03-27T15:13:00\">March 27, 2025<\/time><\/div>\n\n\n<figure class=\"wp-block-image alignfull size-large wp-duotone-unset-1\"><img loading=\"lazy\" decoding=\"async\" width=\"1024\" height=\"623\" src=\"https:\/\/johannasonokpon.com\/wp-content\/uploads\/2026\/03\/Screenshot-2026-03-18-213155-1024x623.png\" alt=\"\" class=\"wp-image-173\" srcset=\"https:\/\/johannasonokpon.com\/wp-content\/uploads\/2026\/03\/Screenshot-2026-03-18-213155-1024x623.png 1024w, https:\/\/johannasonokpon.com\/wp-content\/uploads\/2026\/03\/Screenshot-2026-03-18-213155-300x182.png 300w, https:\/\/johannasonokpon.com\/wp-content\/uploads\/2026\/03\/Screenshot-2026-03-18-213155-768x467.png 768w, https:\/\/johannasonokpon.com\/wp-content\/uploads\/2026\/03\/Screenshot-2026-03-18-213155-18x12.png 18w, https:\/\/johannasonokpon.com\/wp-content\/uploads\/2026\/03\/Screenshot-2026-03-18-213155.png 1046w\" sizes=\"auto, (max-width: 1024px) 100vw, 1024px\" \/><\/figure>\n\n\n\n<div class=\"wp-block-group alignfull has-global-padding is-layout-constrained wp-block-group-is-layout-constrained\" style=\"margin-top:0;margin-bottom:0;padding-top:var(--wp--preset--spacing--80);padding-bottom:var(--wp--preset--spacing--80)\">\n<h2 class=\"wp-block-heading alignwide has-x-large-font-size\"><br><strong>House 1<br><\/strong> <em>COMPUTER AIDED DRAWING 3, Coll\u00e8ge Vanier | Mars 2025<\/em><\/h2>\n\n\n\n<div class=\"wp-block-group has-global-padding is-layout-constrained wp-block-group-is-layout-constrained\">\n<p>Ce projet individuel consistait \u00e0 concevoir une maison r\u00e9sidentielle de deux \u00e9tages \u00e0 l\u2019aide du logiciel Revit. Le projet comprenait la r\u00e9alisation des plans d\u2019\u00e9tage ainsi que des \u00e9l\u00e9vations ext\u00e9rieures, avec une attention particuli\u00e8re port\u00e9e \u00e0 la pr\u00e9cision du dessin, \u00e0 l\u2019organisation des espaces et aux bases de la conception r\u00e9sidentielle. Le travail mettait l\u2019accent sur la production de dessins techniques clairs et pr\u00e9cis.<\/p>\n<\/div>\n<\/div>\n\n\n\n<h1 class=\"wp-block-heading has-text-align-center\">GALLERIE<\/h1>\n\n\n\n<div class=\"wp-block-group alignfull has-global-padding is-layout-constrained wp-block-group-is-layout-constrained\" style=\"margin-top:0;margin-bottom:0;padding-top:var(--wp--preset--spacing--50);padding-bottom:var(--wp--preset--spacing--50)\">\n<div class=\"wp-block-group alignwide is-layout-grid wp-container-core-group-is-layout-21f393a4 wp-block-group-is-layout-grid\">\n<div data-wp-interactive=\"core\/file\" class=\"wp-block-file wp-container-content-24abb3e4\"><object data-wp-bind--hidden=\"!state.hasPdfPreview\" hidden class=\"wp-block-file__embed\" data=\"https:\/\/johannasonokpon.com\/wp-content\/uploads\/2026\/03\/HOUSE-1-JOHANNA-SONOKPON.pdf\" type=\"application\/pdf\" style=\"width:100%;height:930px\" aria-label=\"Embed of HOUSE 1 JOHANNA SONOKPON.\"><\/object><a id=\"wp-block-file--media-1925f100-0793-4977-bfce-756170313eb0\" href=\"https:\/\/johannasonokpon.com\/wp-content\/uploads\/2026\/03\/HOUSE-1-JOHANNA-SONOKPON.pdf\">HOUSE 1 JOHANNA SONOKPON<\/a><a href=\"https:\/\/johannasonokpon.com\/wp-content\/uploads\/2026\/03\/HOUSE-1-JOHANNA-SONOKPON.pdf\" class=\"wp-block-file__button wp-element-button\" download aria-describedby=\"wp-block-file--media-1925f100-0793-4977-bfce-756170313eb0\">Download<\/a><\/div>\n\n\n\n<figure class=\"wp-block-gallery has-nested-images columns-default is-cropped wp-block-gallery-2 wp-container-content-24abb3e4 is-layout-flex wp-block-gallery-is-layout-flex\">\n<figure class=\"wp-block-image size-full\"><img loading=\"lazy\" decoding=\"async\" width=\"1046\" height=\"636\" data-id=\"173\" src=\"https:\/\/johannasonokpon.com\/wp-content\/uploads\/2026\/03\/Screenshot-2026-03-18-213155.png\" alt=\"\" class=\"wp-image-173\" srcset=\"https:\/\/johannasonokpon.com\/wp-content\/uploads\/2026\/03\/Screenshot-2026-03-18-213155.png 1046w, https:\/\/johannasonokpon.com\/wp-content\/uploads\/2026\/03\/Screenshot-2026-03-18-213155-300x182.png 300w, https:\/\/johannasonokpon.com\/wp-content\/uploads\/2026\/03\/Screenshot-2026-03-18-213155-1024x623.png 1024w, https:\/\/johannasonokpon.com\/wp-content\/uploads\/2026\/03\/Screenshot-2026-03-18-213155-768x467.png 768w, https:\/\/johannasonokpon.com\/wp-content\/uploads\/2026\/03\/Screenshot-2026-03-18-213155-18x12.png 18w\" sizes=\"auto, (max-width: 1046px) 100vw, 1046px\" \/><\/figure>\n<\/figure>\n\n\n\n<div data-wp-interactive=\"core\/file\" class=\"wp-block-file wp-container-content-e373884e\"><object data-wp-bind--hidden=\"!state.hasPdfPreview\" hidden class=\"wp-block-file__embed\" data=\"https:\/\/johannasonokpon.com\/wp-content\/uploads\/2026\/03\/HOUSE-1-PRELIMINARY-SKETCHES.pdf\" type=\"application\/pdf\" style=\"width:100%;height:200px\" aria-label=\"Embed of HOUSE 1 PRELIMINARY SKETCHES.\"><\/object><a id=\"wp-block-file--media-189e8983-e925-4b5d-a072-0d29af0c98ef\" href=\"https:\/\/johannasonokpon.com\/wp-content\/uploads\/2026\/03\/HOUSE-1-PRELIMINARY-SKETCHES.pdf\">HOUSE 1 PRELIMINARY SKETCHES<\/a><a href=\"https:\/\/johannasonokpon.com\/wp-content\/uploads\/2026\/03\/HOUSE-1-PRELIMINARY-SKETCHES.pdf\" class=\"wp-block-file__button wp-element-button\" download aria-describedby=\"wp-block-file--media-189e8983-e925-4b5d-a072-0d29af0c98ef\">Download<\/a><\/div>\n<\/div>\n\n\n\n<p><\/p>\n<\/div>\n\n\n\n<p><\/p>","protected":false},"excerpt":{"rendered":"<p>House 1 COMPUTER AIDED DRAWING 3, Coll\u00e8ge Vanier | Mars 2025 Ce projet individuel consistait \u00e0 concevoir une maison r\u00e9sidentielle de deux \u00e9tages \u00e0 l\u2019aide du logiciel Revit. Le projet comprenait la r\u00e9alisation des plans d\u2019\u00e9tage ainsi que des \u00e9l\u00e9vations ext\u00e9rieures, avec une attention particuli\u00e8re port\u00e9e \u00e0 la pr\u00e9cision du dessin, \u00e0 l\u2019organisation des espaces [&hellip;]<\/p>\n","protected":false},"author":1,"featured_media":0,"parent":0,"menu_order":0,"comment_status":"closed","ping_status":"closed","template":"","meta":{"footnotes":""},"class_list":["post-172","page","type-page","status-publish","hentry"],"_links":{"self":[{"href":"https:\/\/johannasonokpon.com\/en\/wp-json\/wp\/v2\/pages\/172","targetHints":{"allow":["GET"]}}],"collection":[{"href":"https:\/\/johannasonokpon.com\/en\/wp-json\/wp\/v2\/pages"}],"about":[{"href":"https:\/\/johannasonokpon.com\/en\/wp-json\/wp\/v2\/types\/page"}],"author":[{"embeddable":true,"href":"https:\/\/johannasonokpon.com\/en\/wp-json\/wp\/v2\/users\/1"}],"replies":[{"embeddable":true,"href":"https:\/\/johannasonokpon.com\/en\/wp-json\/wp\/v2\/comments?post=172"}],"version-history":[{"count":1,"href":"https:\/\/johannasonokpon.com\/en\/wp-json\/wp\/v2\/pages\/172\/revisions"}],"predecessor-version":[{"id":176,"href":"https:\/\/johannasonokpon.com\/en\/wp-json\/wp\/v2\/pages\/172\/revisions\/176"}],"wp:attachment":[{"href":"https:\/\/johannasonokpon.com\/en\/wp-json\/wp\/v2\/media?parent=172"}],"curies":[{"name":"wp","href":"https:\/\/api.w.org\/{rel}","templated":true}]}}