{"id":166,"date":"2026-03-19T01:30:32","date_gmt":"2026-03-19T01:30:32","guid":{"rendered":"https:\/\/johannasonokpon.com\/?page_id=166"},"modified":"2026-03-19T01:30:32","modified_gmt":"2026-03-19T01:30:32","slug":"building-blocks-academy","status":"publish","type":"page","link":"https:\/\/johannasonokpon.com\/en\/building-blocks-academy\/","title":{"rendered":"BUILDING BLOCKS ACADEMY"},"content":{"rendered":"<div class=\"wp-block-post-date\"><time datetime=\"2025-05-16T15:13:00\">May 16, 2025<\/time><\/div>\n\n\n<figure class=\"wp-block-image alignfull size-full wp-duotone-unset-1\"><img loading=\"lazy\" decoding=\"async\" width=\"1920\" height=\"714\" src=\"https:\/\/johannasonokpon.com\/wp-content\/uploads\/2026\/03\/RENDER-BUILDING-BLOCKS-ACADEMY.jpg\" alt=\"\" class=\"wp-image-170\" srcset=\"https:\/\/johannasonokpon.com\/wp-content\/uploads\/2026\/03\/RENDER-BUILDING-BLOCKS-ACADEMY.jpg 1920w, https:\/\/johannasonokpon.com\/wp-content\/uploads\/2026\/03\/RENDER-BUILDING-BLOCKS-ACADEMY-300x112.jpg 300w, https:\/\/johannasonokpon.com\/wp-content\/uploads\/2026\/03\/RENDER-BUILDING-BLOCKS-ACADEMY-1024x381.jpg 1024w, https:\/\/johannasonokpon.com\/wp-content\/uploads\/2026\/03\/RENDER-BUILDING-BLOCKS-ACADEMY-768x286.jpg 768w, https:\/\/johannasonokpon.com\/wp-content\/uploads\/2026\/03\/RENDER-BUILDING-BLOCKS-ACADEMY-1536x571.jpg 1536w, https:\/\/johannasonokpon.com\/wp-content\/uploads\/2026\/03\/RENDER-BUILDING-BLOCKS-ACADEMY-18x7.jpg 18w\" sizes=\"auto, (max-width: 1920px) 100vw, 1920px\" \/><\/figure>\n\n\n\n<div class=\"wp-block-group alignfull has-global-padding is-layout-constrained wp-block-group-is-layout-constrained\" style=\"margin-top:0;margin-bottom:0;padding-top:var(--wp--preset--spacing--80);padding-bottom:var(--wp--preset--spacing--80)\">\n<h2 class=\"wp-block-heading alignwide has-x-large-font-size\"><br><strong>Building Blocks Academy <\/strong><strong><br><\/strong> <em>Projet 2, Coll\u00e8ge Vanier | F\u00e9vrier 2025 \u2013 Mai 2025<\/em><\/h2>\n\n\n\n<div class=\"wp-block-group has-global-padding is-layout-constrained wp-block-group-is-layout-constrained\">\n<p>Ce projet d\u2019\u00e9quipe consistait \u00e0 concevoir un \u00e9cole pr\u00e9scolaire de deux \u00e9tages. Le projet visait \u00e0 cr\u00e9er un environnement s\u00e9curitaire, fonctionnel et adapt\u00e9 aux jeunes enfants, en portant une attention particuli\u00e8re \u00e0 l\u2019organisation des espaces et \u00e0 l\u2019exp\u00e9rience des usagers. Le projet comprenait la r\u00e9alisation de dessins de construction ainsi que de dessins de pr\u00e9sentation. La conception et la documentation ont \u00e9t\u00e9 r\u00e9alis\u00e9es \u00e0 l\u2019aide de Revit, tandis que les rendus et pr\u00e9sentations finales ont \u00e9t\u00e9 produits avec Lumion et Photoshop.<br><\/p>\n<\/div>\n<\/div>\n\n\n\n<h1 class=\"wp-block-heading has-text-align-center\">GALLERIE<\/h1>\n\n\n\n<div class=\"wp-block-group alignfull has-global-padding is-layout-constrained wp-block-group-is-layout-constrained\" style=\"margin-top:0;margin-bottom:0;padding-top:var(--wp--preset--spacing--50);padding-bottom:var(--wp--preset--spacing--50)\">\n<div class=\"wp-block-group alignwide is-layout-grid wp-container-core-group-is-layout-21f393a4 wp-block-group-is-layout-grid\">\n<div data-wp-interactive=\"core\/file\" class=\"wp-block-file wp-container-content-24abb3e4\"><object data-wp-bind--hidden=\"!state.hasPdfPreview\" hidden class=\"wp-block-file__embed\" data=\"https:\/\/johannasonokpon.com\/wp-content\/uploads\/2026\/03\/BUILDING-BLOCKS-ACADEMY-DRAWINGS.pdf\" type=\"application\/pdf\" style=\"width:100%;height:930px\" aria-label=\"Embed of BUILDING BLOCKS ACADEMY DRAWINGS.\"><\/object><a id=\"wp-block-file--media-f697d77f-18af-4976-972a-3cee001740d1\" href=\"https:\/\/johannasonokpon.com\/wp-content\/uploads\/2026\/03\/BUILDING-BLOCKS-ACADEMY-DRAWINGS.pdf\">BUILDING BLOCKS ACADEMY DRAWINGS<\/a><a href=\"https:\/\/johannasonokpon.com\/wp-content\/uploads\/2026\/03\/BUILDING-BLOCKS-ACADEMY-DRAWINGS.pdf\" class=\"wp-block-file__button wp-element-button\" download aria-describedby=\"wp-block-file--media-f697d77f-18af-4976-972a-3cee001740d1\">Download<\/a><\/div>\n\n\n\n<div data-wp-interactive=\"core\/file\" class=\"wp-block-file wp-container-content-24abb3e4\"><object data-wp-bind--hidden=\"!state.hasPdfPreview\" hidden class=\"wp-block-file__embed\" data=\"https:\/\/johannasonokpon.com\/wp-content\/uploads\/2026\/03\/BUILDING-BLOCKS-ACADEMY-PRESENTATION-DRAWINGS.pdf\" type=\"application\/pdf\" style=\"width:100%;height:930px\" aria-label=\"Embed of BUILDING BLOCKS ACADEMY PRESENTATION DRAWINGS.\"><\/object><a id=\"wp-block-file--media-d3ca6d35-98e6-4eb6-af92-7b8240b40300\" href=\"https:\/\/johannasonokpon.com\/wp-content\/uploads\/2026\/03\/BUILDING-BLOCKS-ACADEMY-PRESENTATION-DRAWINGS.pdf\">BUILDING BLOCKS ACADEMY PRESENTATION DRAWINGS<\/a><a href=\"https:\/\/johannasonokpon.com\/wp-content\/uploads\/2026\/03\/BUILDING-BLOCKS-ACADEMY-PRESENTATION-DRAWINGS.pdf\" class=\"wp-block-file__button wp-element-button\" download aria-describedby=\"wp-block-file--media-d3ca6d35-98e6-4eb6-af92-7b8240b40300\">Download<\/a><\/div>\n\n\n\n<figure class=\"wp-block-gallery has-nested-images columns-default is-cropped wp-block-gallery-2 wp-container-content-24abb3e4 is-layout-flex wp-block-gallery-is-layout-flex\">\n<figure class=\"wp-block-image size-full\"><img loading=\"lazy\" decoding=\"async\" width=\"1920\" height=\"1080\" data-id=\"169\" src=\"https:\/\/johannasonokpon.com\/wp-content\/uploads\/2026\/03\/RENDER-BUILDING-BLOCKS-ACADYMY.jpg\" alt=\"\" class=\"wp-image-169\" srcset=\"https:\/\/johannasonokpon.com\/wp-content\/uploads\/2026\/03\/RENDER-BUILDING-BLOCKS-ACADYMY.jpg 1920w, https:\/\/johannasonokpon.com\/wp-content\/uploads\/2026\/03\/RENDER-BUILDING-BLOCKS-ACADYMY-300x169.jpg 300w, https:\/\/johannasonokpon.com\/wp-content\/uploads\/2026\/03\/RENDER-BUILDING-BLOCKS-ACADYMY-1024x576.jpg 1024w, https:\/\/johannasonokpon.com\/wp-content\/uploads\/2026\/03\/RENDER-BUILDING-BLOCKS-ACADYMY-768x432.jpg 768w, https:\/\/johannasonokpon.com\/wp-content\/uploads\/2026\/03\/RENDER-BUILDING-BLOCKS-ACADYMY-1536x864.jpg 1536w, https:\/\/johannasonokpon.com\/wp-content\/uploads\/2026\/03\/RENDER-BUILDING-BLOCKS-ACADYMY-18x10.jpg 18w\" sizes=\"auto, (max-width: 1920px) 100vw, 1920px\" \/><\/figure>\n\n\n\n<figure class=\"wp-block-image size-full\"><img loading=\"lazy\" decoding=\"async\" width=\"1920\" height=\"714\" data-id=\"170\" src=\"https:\/\/johannasonokpon.com\/wp-content\/uploads\/2026\/03\/RENDER-BUILDING-BLOCKS-ACADEMY.jpg\" alt=\"\" class=\"wp-image-170\" srcset=\"https:\/\/johannasonokpon.com\/wp-content\/uploads\/2026\/03\/RENDER-BUILDING-BLOCKS-ACADEMY.jpg 1920w, https:\/\/johannasonokpon.com\/wp-content\/uploads\/2026\/03\/RENDER-BUILDING-BLOCKS-ACADEMY-300x112.jpg 300w, https:\/\/johannasonokpon.com\/wp-content\/uploads\/2026\/03\/RENDER-BUILDING-BLOCKS-ACADEMY-1024x381.jpg 1024w, https:\/\/johannasonokpon.com\/wp-content\/uploads\/2026\/03\/RENDER-BUILDING-BLOCKS-ACADEMY-768x286.jpg 768w, https:\/\/johannasonokpon.com\/wp-content\/uploads\/2026\/03\/RENDER-BUILDING-BLOCKS-ACADEMY-1536x571.jpg 1536w, https:\/\/johannasonokpon.com\/wp-content\/uploads\/2026\/03\/RENDER-BUILDING-BLOCKS-ACADEMY-18x7.jpg 18w\" sizes=\"auto, (max-width: 1920px) 100vw, 1920px\" \/><\/figure>\n<\/figure>\n<\/div>\n\n\n\n<p><\/p>\n<\/div>\n\n\n\n<p><\/p>","protected":false},"excerpt":{"rendered":"<p>Building Blocks Academy Projet 2, Coll\u00e8ge Vanier | F\u00e9vrier 2025 \u2013 Mai 2025 Ce projet d\u2019\u00e9quipe consistait \u00e0 concevoir un \u00e9cole pr\u00e9scolaire de deux \u00e9tages. Le projet visait \u00e0 cr\u00e9er un environnement s\u00e9curitaire, fonctionnel et adapt\u00e9 aux jeunes enfants, en portant une attention particuli\u00e8re \u00e0 l\u2019organisation des espaces et \u00e0 l\u2019exp\u00e9rience des usagers. Le projet [&hellip;]<\/p>\n","protected":false},"author":1,"featured_media":0,"parent":0,"menu_order":0,"comment_status":"closed","ping_status":"closed","template":"","meta":{"footnotes":""},"class_list":["post-166","page","type-page","status-publish","hentry"],"_links":{"self":[{"href":"https:\/\/johannasonokpon.com\/en\/wp-json\/wp\/v2\/pages\/166","targetHints":{"allow":["GET"]}}],"collection":[{"href":"https:\/\/johannasonokpon.com\/en\/wp-json\/wp\/v2\/pages"}],"about":[{"href":"https:\/\/johannasonokpon.com\/en\/wp-json\/wp\/v2\/types\/page"}],"author":[{"embeddable":true,"href":"https:\/\/johannasonokpon.com\/en\/wp-json\/wp\/v2\/users\/1"}],"replies":[{"embeddable":true,"href":"https:\/\/johannasonokpon.com\/en\/wp-json\/wp\/v2\/comments?post=166"}],"version-history":[{"count":1,"href":"https:\/\/johannasonokpon.com\/en\/wp-json\/wp\/v2\/pages\/166\/revisions"}],"predecessor-version":[{"id":171,"href":"https:\/\/johannasonokpon.com\/en\/wp-json\/wp\/v2\/pages\/166\/revisions\/171"}],"wp:attachment":[{"href":"https:\/\/johannasonokpon.com\/en\/wp-json\/wp\/v2\/media?parent=166"}],"curies":[{"name":"wp","href":"https:\/\/api.w.org\/{rel}","templated":true}]}}