{"id":140,"date":"2026-03-18T22:20:58","date_gmt":"2026-03-18T22:20:58","guid":{"rendered":"https:\/\/johannasonokpon.com\/?page_id=140"},"modified":"2026-03-19T01:15:00","modified_gmt":"2026-03-19T01:15:00","slug":"desert-villa","status":"publish","type":"page","link":"https:\/\/johannasonokpon.com\/en\/desert-villa\/","title":{"rendered":"DESERT VILLA"},"content":{"rendered":"<div class=\"wp-block-post-date\"><time datetime=\"2025-12-03T15:13:00\">December 3, 2025<\/time><\/div>\n\n\n<figure class=\"wp-block-image alignfull size-full wp-duotone-unset-1\"><img loading=\"lazy\" decoding=\"async\" width=\"800\" height=\"600\" src=\"https:\/\/johannasonokpon.com\/wp-content\/uploads\/2026\/03\/RENDER.jpg\" alt=\"\" class=\"wp-image-142\" srcset=\"https:\/\/johannasonokpon.com\/wp-content\/uploads\/2026\/03\/RENDER.jpg 800w, https:\/\/johannasonokpon.com\/wp-content\/uploads\/2026\/03\/RENDER-300x225.jpg 300w, https:\/\/johannasonokpon.com\/wp-content\/uploads\/2026\/03\/RENDER-768x576.jpg 768w, https:\/\/johannasonokpon.com\/wp-content\/uploads\/2026\/03\/RENDER-16x12.jpg 16w\" sizes=\"auto, (max-width: 800px) 100vw, 800px\" \/><\/figure>\n\n\n\n<div class=\"wp-block-group alignfull has-global-padding is-layout-constrained wp-block-group-is-layout-constrained\" style=\"margin-top:0;margin-bottom:0;padding-top:var(--wp--preset--spacing--80);padding-bottom:var(--wp--preset--spacing--80)\">\n<h2 class=\"wp-block-heading alignwide has-x-large-font-size\"><br><strong>Desert Villa<\/strong><strong><br><\/strong> <em>Architectural Rendering, Coll\u00e8ge Vanier | Octobre \u00e0 D\u00e9cembre 2025<\/em><\/h2>\n\n\n\n<div class=\"wp-block-group has-global-padding is-layout-constrained wp-block-group-is-layout-constrained\">\n<p>Ce projet d\u2019\u00e9quipe portait sur la visualisation et le rendu architectural d\u2019une villa r\u00e9sidentielle. \u00c0 partir de plans existants r\u00e9alis\u00e9s en AutoCAD, l\u2019objectif \u00e9tait de r\u00e9interpr\u00e9ter la conception en int\u00e9grant des influences culturelles dans le style architectural et l\u2019ambiance de la maison. Le concept final s\u2019inspire de l\u2019architecture afghane et camerounaise, notamment par l\u2019utilisation des couleurs, des mat\u00e9riaux et des \u00e9l\u00e9ments stylistiques. La mod\u00e9lisation 3D et les rendus ont \u00e9t\u00e9 r\u00e9alis\u00e9s \u00e0 l\u2019aide des logiciels 3ds Max et Photoshop.<\/p>\n\n\n\n<p><\/p>\n<\/div>\n<\/div>\n\n\n\n<h1 class=\"wp-block-heading has-text-align-center\">GALLERIE<\/h1>\n\n\n\n<figure class=\"wp-block-image size-large\"><img loading=\"lazy\" decoding=\"async\" width=\"1024\" height=\"791\" src=\"https:\/\/johannasonokpon.com\/wp-content\/uploads\/2026\/03\/20251210144520_FINAL_DESIGN-2-1024x791.jpg\" alt=\"\" class=\"wp-image-147\" srcset=\"https:\/\/johannasonokpon.com\/wp-content\/uploads\/2026\/03\/20251210144520_FINAL_DESIGN-2-1024x791.jpg 1024w, https:\/\/johannasonokpon.com\/wp-content\/uploads\/2026\/03\/20251210144520_FINAL_DESIGN-2-300x232.jpg 300w, https:\/\/johannasonokpon.com\/wp-content\/uploads\/2026\/03\/20251210144520_FINAL_DESIGN-2-768x593.jpg 768w, https:\/\/johannasonokpon.com\/wp-content\/uploads\/2026\/03\/20251210144520_FINAL_DESIGN-2-1536x1187.jpg 1536w, https:\/\/johannasonokpon.com\/wp-content\/uploads\/2026\/03\/20251210144520_FINAL_DESIGN-2-2048x1583.jpg 2048w, https:\/\/johannasonokpon.com\/wp-content\/uploads\/2026\/03\/20251210144520_FINAL_DESIGN-2-16x12.jpg 16w\" sizes=\"auto, (max-width: 1024px) 100vw, 1024px\" \/><\/figure>\n\n\n\n<div class=\"wp-block-group alignfull has-global-padding is-layout-constrained wp-block-group-is-layout-constrained\" style=\"margin-top:0;margin-bottom:0;padding-top:var(--wp--preset--spacing--50);padding-bottom:var(--wp--preset--spacing--50)\">\n<div class=\"wp-block-group alignwide is-layout-grid wp-container-core-group-is-layout-21f393a4 wp-block-group-is-layout-grid\">\n<div data-wp-interactive=\"core\/file\" class=\"wp-block-file wp-container-content-24abb3e4\"><object data-wp-bind--hidden=\"!state.hasPdfPreview\" hidden class=\"wp-block-file__embed\" data=\"https:\/\/johannasonokpon.com\/wp-content\/uploads\/2026\/03\/BRAINSTORM-CONCEPT.pdf\" type=\"application\/pdf\" style=\"width:100%;height:740px\" aria-label=\"Embed of BRAINSTORM, CONCEPT.\"><\/object><a id=\"wp-block-file--media-aa59c59b-c115-4df8-b981-968a457571fe\" href=\"https:\/\/johannasonokpon.com\/wp-content\/uploads\/2026\/03\/BRAINSTORM-CONCEPT.pdf\">BRAINSTORM, CONCEPT<\/a><a href=\"https:\/\/johannasonokpon.com\/wp-content\/uploads\/2026\/03\/BRAINSTORM-CONCEPT.pdf\" class=\"wp-block-file__button wp-element-button\" download aria-describedby=\"wp-block-file--media-aa59c59b-c115-4df8-b981-968a457571fe\">Download<\/a><\/div>\n\n\n\n<div data-wp-interactive=\"core\/file\" class=\"wp-block-file wp-container-content-b0d1f458\"><object data-wp-bind--hidden=\"!state.hasPdfPreview\" hidden class=\"wp-block-file__embed\" data=\"https:\/\/johannasonokpon.com\/wp-content\/uploads\/2026\/03\/3D-HOUSE-DESIGN-ASSIGNMENT-N0.-1.pdf\" type=\"application\/pdf\" style=\"width:100%;height:740px\" aria-label=\"Embed of _3D HOUSE DESIGN ASSIGNMENT N0. 1.\"><\/object><a id=\"wp-block-file--media-278273d6-6c40-4fef-8602-ba4c4835bc20\" href=\"https:\/\/johannasonokpon.com\/wp-content\/uploads\/2026\/03\/3D-HOUSE-DESIGN-ASSIGNMENT-N0.-1.pdf\">_3D HOUSE DESIGN ASSIGNMENT N0. 1<\/a><a href=\"https:\/\/johannasonokpon.com\/wp-content\/uploads\/2026\/03\/3D-HOUSE-DESIGN-ASSIGNMENT-N0.-1.pdf\" class=\"wp-block-file__button wp-element-button\" download aria-describedby=\"wp-block-file--media-278273d6-6c40-4fef-8602-ba4c4835bc20\">Download<\/a><\/div>\n\n\n\n<div data-wp-interactive=\"core\/file\" class=\"wp-block-file wp-container-content-24abb3e4\"><object data-wp-bind--hidden=\"!state.hasPdfPreview\" hidden class=\"wp-block-file__embed\" data=\"https:\/\/johannasonokpon.com\/wp-content\/uploads\/2026\/03\/base-plans.pdf\" type=\"application\/pdf\" style=\"width:100%;height:600px\" aria-label=\"Embed of base plans.\"><\/object><a id=\"wp-block-file--media-67eca679-12f7-435f-a5f8-02254532059b\" href=\"https:\/\/johannasonokpon.com\/wp-content\/uploads\/2026\/03\/base-plans.pdf\">base plans<\/a><a href=\"https:\/\/johannasonokpon.com\/wp-content\/uploads\/2026\/03\/base-plans.pdf\" class=\"wp-block-file__button wp-element-button\" download aria-describedby=\"wp-block-file--media-67eca679-12f7-435f-a5f8-02254532059b\">Download<\/a><\/div>\n\n\n\n<figure class=\"wp-block-gallery has-nested-images columns-default is-cropped wp-block-gallery-2 wp-container-content-24abb3e4 is-layout-flex wp-block-gallery-is-layout-flex\">\n<figure class=\"wp-block-image size-full\"><img loading=\"lazy\" decoding=\"async\" width=\"800\" height=\"600\" data-id=\"142\" src=\"https:\/\/johannasonokpon.com\/wp-content\/uploads\/2026\/03\/RENDER.jpg\" alt=\"\" class=\"wp-image-142\" srcset=\"https:\/\/johannasonokpon.com\/wp-content\/uploads\/2026\/03\/RENDER.jpg 800w, https:\/\/johannasonokpon.com\/wp-content\/uploads\/2026\/03\/RENDER-300x225.jpg 300w, https:\/\/johannasonokpon.com\/wp-content\/uploads\/2026\/03\/RENDER-768x576.jpg 768w, https:\/\/johannasonokpon.com\/wp-content\/uploads\/2026\/03\/RENDER-16x12.jpg 16w\" sizes=\"auto, (max-width: 800px) 100vw, 800px\" \/><\/figure>\n\n\n\n<figure class=\"wp-block-image size-full\"><img loading=\"lazy\" decoding=\"async\" width=\"800\" height=\"600\" data-id=\"143\" src=\"https:\/\/johannasonokpon.com\/wp-content\/uploads\/2026\/03\/IMAGE.jpg\" alt=\"\" class=\"wp-image-143\" srcset=\"https:\/\/johannasonokpon.com\/wp-content\/uploads\/2026\/03\/IMAGE.jpg 800w, https:\/\/johannasonokpon.com\/wp-content\/uploads\/2026\/03\/IMAGE-300x225.jpg 300w, https:\/\/johannasonokpon.com\/wp-content\/uploads\/2026\/03\/IMAGE-768x576.jpg 768w, https:\/\/johannasonokpon.com\/wp-content\/uploads\/2026\/03\/IMAGE-16x12.jpg 16w\" sizes=\"auto, (max-width: 800px) 100vw, 800px\" \/><\/figure>\n<\/figure>\n<\/div>\n\n\n\n<p><\/p>\n<\/div>","protected":false},"excerpt":{"rendered":"<p>Desert Villa Architectural Rendering, Coll\u00e8ge Vanier | Octobre \u00e0 D\u00e9cembre 2025 Ce projet d\u2019\u00e9quipe portait sur la visualisation et le rendu architectural d\u2019une villa r\u00e9sidentielle. \u00c0 partir de plans existants r\u00e9alis\u00e9s en AutoCAD, l\u2019objectif \u00e9tait de r\u00e9interpr\u00e9ter la conception en int\u00e9grant des influences culturelles dans le style architectural et l\u2019ambiance de la maison. Le concept [&hellip;]<\/p>\n","protected":false},"author":1,"featured_media":0,"parent":0,"menu_order":0,"comment_status":"closed","ping_status":"closed","template":"","meta":{"footnotes":""},"class_list":["post-140","page","type-page","status-publish","hentry"],"_links":{"self":[{"href":"https:\/\/johannasonokpon.com\/en\/wp-json\/wp\/v2\/pages\/140","targetHints":{"allow":["GET"]}}],"collection":[{"href":"https:\/\/johannasonokpon.com\/en\/wp-json\/wp\/v2\/pages"}],"about":[{"href":"https:\/\/johannasonokpon.com\/en\/wp-json\/wp\/v2\/types\/page"}],"author":[{"embeddable":true,"href":"https:\/\/johannasonokpon.com\/en\/wp-json\/wp\/v2\/users\/1"}],"replies":[{"embeddable":true,"href":"https:\/\/johannasonokpon.com\/en\/wp-json\/wp\/v2\/comments?post=140"}],"version-history":[{"count":2,"href":"https:\/\/johannasonokpon.com\/en\/wp-json\/wp\/v2\/pages\/140\/revisions"}],"predecessor-version":[{"id":165,"href":"https:\/\/johannasonokpon.com\/en\/wp-json\/wp\/v2\/pages\/140\/revisions\/165"}],"wp:attachment":[{"href":"https:\/\/johannasonokpon.com\/en\/wp-json\/wp\/v2\/media?parent=140"}],"curies":[{"name":"wp","href":"https:\/\/api.w.org\/{rel}","templated":true}]}}