{"id":128,"date":"2026-03-18T21:50:57","date_gmt":"2026-03-18T21:50:57","guid":{"rendered":"https:\/\/johannasonokpon.com\/?page_id=128"},"modified":"2026-03-18T21:52:52","modified_gmt":"2026-03-18T21:52:52","slug":"eglise-st-laurent","status":"publish","type":"page","link":"https:\/\/johannasonokpon.com\/en\/eglise-st-laurent\/","title":{"rendered":"\u00c9glise St-Laurent"},"content":{"rendered":"<div class=\"wp-block-post-date\"><time datetime=\"2025-10-28T15:13:00\">October 28, 2025<\/time><\/div>\n\n\n<figure class=\"wp-block-image alignfull size-large wp-duotone-unset-1\"><img loading=\"lazy\" decoding=\"async\" width=\"1024\" height=\"1024\" src=\"https:\/\/johannasonokpon.com\/wp-content\/uploads\/2026\/03\/LUMION3-1024x1024.jpg\" alt=\"\" class=\"wp-image-129\" srcset=\"https:\/\/johannasonokpon.com\/wp-content\/uploads\/2026\/03\/LUMION3-1024x1024.jpg 1024w, https:\/\/johannasonokpon.com\/wp-content\/uploads\/2026\/03\/LUMION3-300x300.jpg 300w, https:\/\/johannasonokpon.com\/wp-content\/uploads\/2026\/03\/LUMION3-150x150.jpg 150w, https:\/\/johannasonokpon.com\/wp-content\/uploads\/2026\/03\/LUMION3-768x768.jpg 768w, https:\/\/johannasonokpon.com\/wp-content\/uploads\/2026\/03\/LUMION3-1536x1536.jpg 1536w, https:\/\/johannasonokpon.com\/wp-content\/uploads\/2026\/03\/LUMION3-12x12.jpg 12w, https:\/\/johannasonokpon.com\/wp-content\/uploads\/2026\/03\/LUMION3.jpg 1920w\" sizes=\"auto, (max-width: 1024px) 100vw, 1024px\" \/><\/figure>\n\n\n\n<div class=\"wp-block-group alignfull has-global-padding is-layout-constrained wp-block-group-is-layout-constrained\" style=\"margin-top:0;margin-bottom:0;padding-top:var(--wp--preset--spacing--80);padding-bottom:var(--wp--preset--spacing--80)\">\n<h2 class=\"wp-block-heading alignwide has-x-large-font-size\"><br><strong>Relev\u00e9 du b\u00e2timent \u2013 \u00c9glise St-Laurent<\/strong><strong><br><\/strong> <em>Building Survey, Coll\u00e8ge Vanier | Octobre 2025<\/em><\/h2>\n\n\n\n<div class=\"wp-block-group has-global-padding is-layout-constrained wp-block-group-is-layout-constrained\">\n<p>Ce projet d\u2019\u00e9quipe consistait \u00e0 r\u00e9aliser le relev\u00e9 du b\u00e2timent de l\u2019\u00e9glise St-Laurent, situ\u00e9e au 805 avenue Sainte-Croix \u00e0 Saint-Laurent, Qu\u00e9bec. Le relev\u00e9 a \u00e9t\u00e9 effectu\u00e9 \u00e0 l\u2019aide de drones, d\u2019outils de mesure laser et de rubans \u00e0 mesurer afin de documenter avec pr\u00e9cision les dimensions et les caract\u00e9ristiques architecturales du b\u00e2timent. Les donn\u00e9es recueillies ont ensuite servi \u00e0 produire une mod\u00e9lisation et des visualisations num\u00e9riques \u00e0 l\u2019aide des logiciels Revit et Lumion.<\/p>\n\n\n\n<p><\/p>\n<\/div>\n<\/div>\n\n\n\n<h1 class=\"wp-block-heading has-text-align-center\">GALLERIE<\/h1>\n\n\n\n<div class=\"wp-block-group alignfull has-global-padding is-layout-constrained wp-block-group-is-layout-constrained\" style=\"margin-top:0;margin-bottom:0;padding-top:var(--wp--preset--spacing--50);padding-bottom:var(--wp--preset--spacing--50)\">\n<div class=\"wp-block-group alignwide is-layout-grid wp-container-core-group-is-layout-21f393a4 wp-block-group-is-layout-grid\">\n<div data-wp-interactive=\"core\/file\" class=\"wp-block-file wp-container-content-24abb3e4\"><object data-wp-bind--hidden=\"!state.hasPdfPreview\" hidden class=\"wp-block-file__embed\" data=\"https:\/\/johannasonokpon.com\/wp-content\/uploads\/2026\/03\/church_survey.pdf\" type=\"application\/pdf\" style=\"width:100%;height:740px\" aria-label=\"Embed of church_survey.\"><\/object><a id=\"wp-block-file--media-efec89f5-f2b0-4934-b89a-32f3d43d4dd6\" href=\"https:\/\/johannasonokpon.com\/wp-content\/uploads\/2026\/03\/church_survey.pdf\">church_survey<\/a><a href=\"https:\/\/johannasonokpon.com\/wp-content\/uploads\/2026\/03\/church_survey.pdf\" class=\"wp-block-file__button wp-element-button\" download aria-describedby=\"wp-block-file--media-efec89f5-f2b0-4934-b89a-32f3d43d4dd6\">Download<\/a><\/div>\n\n\n\n<figure class=\"wp-block-gallery has-nested-images columns-default is-cropped wp-block-gallery-2 wp-container-content-24abb3e4 is-layout-flex wp-block-gallery-is-layout-flex\">\n<figure class=\"wp-block-image size-full\"><img loading=\"lazy\" decoding=\"async\" width=\"1920\" height=\"1920\" data-id=\"130\" src=\"https:\/\/johannasonokpon.com\/wp-content\/uploads\/2026\/03\/LUMION3-1.jpg\" alt=\"\" class=\"wp-image-130\" srcset=\"https:\/\/johannasonokpon.com\/wp-content\/uploads\/2026\/03\/LUMION3-1.jpg 1920w, https:\/\/johannasonokpon.com\/wp-content\/uploads\/2026\/03\/LUMION3-1-300x300.jpg 300w, https:\/\/johannasonokpon.com\/wp-content\/uploads\/2026\/03\/LUMION3-1-1024x1024.jpg 1024w, https:\/\/johannasonokpon.com\/wp-content\/uploads\/2026\/03\/LUMION3-1-150x150.jpg 150w, https:\/\/johannasonokpon.com\/wp-content\/uploads\/2026\/03\/LUMION3-1-768x768.jpg 768w, https:\/\/johannasonokpon.com\/wp-content\/uploads\/2026\/03\/LUMION3-1-1536x1536.jpg 1536w, https:\/\/johannasonokpon.com\/wp-content\/uploads\/2026\/03\/LUMION3-1-12x12.jpg 12w\" sizes=\"auto, (max-width: 1920px) 100vw, 1920px\" \/><\/figure>\n\n\n\n<figure class=\"wp-block-image size-full\"><img loading=\"lazy\" decoding=\"async\" width=\"1920\" height=\"1080\" data-id=\"132\" src=\"https:\/\/johannasonokpon.com\/wp-content\/uploads\/2026\/03\/LUMION.jpg\" alt=\"\" class=\"wp-image-132\" srcset=\"https:\/\/johannasonokpon.com\/wp-content\/uploads\/2026\/03\/LUMION.jpg 1920w, https:\/\/johannasonokpon.com\/wp-content\/uploads\/2026\/03\/LUMION-300x169.jpg 300w, https:\/\/johannasonokpon.com\/wp-content\/uploads\/2026\/03\/LUMION-1024x576.jpg 1024w, https:\/\/johannasonokpon.com\/wp-content\/uploads\/2026\/03\/LUMION-768x432.jpg 768w, https:\/\/johannasonokpon.com\/wp-content\/uploads\/2026\/03\/LUMION-1536x864.jpg 1536w, https:\/\/johannasonokpon.com\/wp-content\/uploads\/2026\/03\/LUMION-18x10.jpg 18w\" sizes=\"auto, (max-width: 1920px) 100vw, 1920px\" \/><\/figure>\n\n\n\n<figure class=\"wp-block-image size-full\"><img loading=\"lazy\" decoding=\"async\" width=\"2560\" height=\"1918\" data-id=\"133\" src=\"https:\/\/johannasonokpon.com\/wp-content\/uploads\/2026\/03\/DJI_0532-scaled.jpg\" alt=\"\" class=\"wp-image-133\" srcset=\"https:\/\/johannasonokpon.com\/wp-content\/uploads\/2026\/03\/DJI_0532-scaled.jpg 2560w, https:\/\/johannasonokpon.com\/wp-content\/uploads\/2026\/03\/DJI_0532-300x225.jpg 300w, https:\/\/johannasonokpon.com\/wp-content\/uploads\/2026\/03\/DJI_0532-1024x767.jpg 1024w, https:\/\/johannasonokpon.com\/wp-content\/uploads\/2026\/03\/DJI_0532-768x575.jpg 768w, https:\/\/johannasonokpon.com\/wp-content\/uploads\/2026\/03\/DJI_0532-1536x1151.jpg 1536w, https:\/\/johannasonokpon.com\/wp-content\/uploads\/2026\/03\/DJI_0532-2048x1534.jpg 2048w, https:\/\/johannasonokpon.com\/wp-content\/uploads\/2026\/03\/DJI_0532-16x12.jpg 16w\" sizes=\"auto, (max-width: 2560px) 100vw, 2560px\" \/><\/figure>\n\n\n\n<figure class=\"wp-block-image size-full is-style-default\"><img loading=\"lazy\" decoding=\"async\" width=\"2560\" height=\"1918\" data-id=\"134\" src=\"https:\/\/johannasonokpon.com\/wp-content\/uploads\/2026\/03\/DJI_0531-scaled.jpg\" alt=\"\" class=\"wp-image-134\" style=\"object-fit:cover\" srcset=\"https:\/\/johannasonokpon.com\/wp-content\/uploads\/2026\/03\/DJI_0531-scaled.jpg 2560w, https:\/\/johannasonokpon.com\/wp-content\/uploads\/2026\/03\/DJI_0531-300x225.jpg 300w, https:\/\/johannasonokpon.com\/wp-content\/uploads\/2026\/03\/DJI_0531-1024x767.jpg 1024w, https:\/\/johannasonokpon.com\/wp-content\/uploads\/2026\/03\/DJI_0531-768x575.jpg 768w, https:\/\/johannasonokpon.com\/wp-content\/uploads\/2026\/03\/DJI_0531-1536x1151.jpg 1536w, https:\/\/johannasonokpon.com\/wp-content\/uploads\/2026\/03\/DJI_0531-2048x1534.jpg 2048w, https:\/\/johannasonokpon.com\/wp-content\/uploads\/2026\/03\/DJI_0531-16x12.jpg 16w\" sizes=\"auto, (max-width: 2560px) 100vw, 2560px\" \/><\/figure>\n\n\n\n<figure class=\"wp-block-image size-full\"><img loading=\"lazy\" decoding=\"async\" width=\"2560\" height=\"1918\" data-id=\"135\" src=\"https:\/\/johannasonokpon.com\/wp-content\/uploads\/2026\/03\/DJI_0529-scaled.jpg\" alt=\"\" class=\"wp-image-135\" srcset=\"https:\/\/johannasonokpon.com\/wp-content\/uploads\/2026\/03\/DJI_0529-scaled.jpg 2560w, https:\/\/johannasonokpon.com\/wp-content\/uploads\/2026\/03\/DJI_0529-300x225.jpg 300w, https:\/\/johannasonokpon.com\/wp-content\/uploads\/2026\/03\/DJI_0529-1024x767.jpg 1024w, https:\/\/johannasonokpon.com\/wp-content\/uploads\/2026\/03\/DJI_0529-768x575.jpg 768w, https:\/\/johannasonokpon.com\/wp-content\/uploads\/2026\/03\/DJI_0529-1536x1151.jpg 1536w, https:\/\/johannasonokpon.com\/wp-content\/uploads\/2026\/03\/DJI_0529-2048x1534.jpg 2048w, https:\/\/johannasonokpon.com\/wp-content\/uploads\/2026\/03\/DJI_0529-16x12.jpg 16w\" sizes=\"auto, (max-width: 2560px) 100vw, 2560px\" \/><\/figure>\n<\/figure>\n<\/div>\n\n\n\n<p><\/p>\n<\/div>","protected":false},"excerpt":{"rendered":"<p>Relev\u00e9 du b\u00e2timent \u2013 \u00c9glise St-Laurent Building Survey, Coll\u00e8ge Vanier | Octobre 2025 Ce projet d\u2019\u00e9quipe consistait \u00e0 r\u00e9aliser le relev\u00e9 du b\u00e2timent de l\u2019\u00e9glise St-Laurent, situ\u00e9e au 805 avenue Sainte-Croix \u00e0 Saint-Laurent, Qu\u00e9bec. Le relev\u00e9 a \u00e9t\u00e9 effectu\u00e9 \u00e0 l\u2019aide de drones, d\u2019outils de mesure laser et de rubans \u00e0 mesurer afin de documenter [&hellip;]<\/p>\n","protected":false},"author":1,"featured_media":0,"parent":0,"menu_order":0,"comment_status":"closed","ping_status":"closed","template":"","meta":{"footnotes":""},"class_list":["post-128","page","type-page","status-publish","hentry"],"_links":{"self":[{"href":"https:\/\/johannasonokpon.com\/en\/wp-json\/wp\/v2\/pages\/128","targetHints":{"allow":["GET"]}}],"collection":[{"href":"https:\/\/johannasonokpon.com\/en\/wp-json\/wp\/v2\/pages"}],"about":[{"href":"https:\/\/johannasonokpon.com\/en\/wp-json\/wp\/v2\/types\/page"}],"author":[{"embeddable":true,"href":"https:\/\/johannasonokpon.com\/en\/wp-json\/wp\/v2\/users\/1"}],"replies":[{"embeddable":true,"href":"https:\/\/johannasonokpon.com\/en\/wp-json\/wp\/v2\/comments?post=128"}],"version-history":[{"count":2,"href":"https:\/\/johannasonokpon.com\/en\/wp-json\/wp\/v2\/pages\/128\/revisions"}],"predecessor-version":[{"id":139,"href":"https:\/\/johannasonokpon.com\/en\/wp-json\/wp\/v2\/pages\/128\/revisions\/139"}],"wp:attachment":[{"href":"https:\/\/johannasonokpon.com\/en\/wp-json\/wp\/v2\/media?parent=128"}],"curies":[{"name":"wp","href":"https:\/\/api.w.org\/{rel}","templated":true}]}}