{"id":123,"date":"2026-03-18T21:33:31","date_gmt":"2026-03-18T21:33:31","guid":{"rendered":"https:\/\/johannasonokpon.com\/?page_id=123"},"modified":"2026-03-18T21:33:32","modified_gmt":"2026-03-18T21:33:32","slug":"classroom-n-319","status":"publish","type":"page","link":"https:\/\/johannasonokpon.com\/en\/classroom-n-319\/","title":{"rendered":"CLASSROOM N-319"},"content":{"rendered":"<div class=\"wp-block-post-date\"><time datetime=\"2025-09-09T15:13:00\">September 9, 2025<\/time><\/div>\n\n\n<figure class=\"wp-block-image alignfull size-large wp-duotone-unset-1\"><img loading=\"lazy\" decoding=\"async\" width=\"1024\" height=\"721\" src=\"https:\/\/johannasonokpon.com\/wp-content\/uploads\/2026\/03\/Screenshot-2026-03-18-173159-1024x721.png\" alt=\"\" class=\"wp-image-124\" srcset=\"https:\/\/johannasonokpon.com\/wp-content\/uploads\/2026\/03\/Screenshot-2026-03-18-173159-1024x721.png 1024w, https:\/\/johannasonokpon.com\/wp-content\/uploads\/2026\/03\/Screenshot-2026-03-18-173159-300x211.png 300w, https:\/\/johannasonokpon.com\/wp-content\/uploads\/2026\/03\/Screenshot-2026-03-18-173159-768x541.png 768w, https:\/\/johannasonokpon.com\/wp-content\/uploads\/2026\/03\/Screenshot-2026-03-18-173159-1536x1081.png 1536w, https:\/\/johannasonokpon.com\/wp-content\/uploads\/2026\/03\/Screenshot-2026-03-18-173159-18x12.png 18w, https:\/\/johannasonokpon.com\/wp-content\/uploads\/2026\/03\/Screenshot-2026-03-18-173159.png 1796w\" sizes=\"auto, (max-width: 1024px) 100vw, 1024px\" \/><\/figure>\n\n\n\n<div class=\"wp-block-group alignfull has-global-padding is-layout-constrained wp-block-group-is-layout-constrained\" style=\"margin-top:0;margin-bottom:0;padding-top:var(--wp--preset--spacing--80);padding-bottom:var(--wp--preset--spacing--80)\">\n<h2 class=\"wp-block-heading alignwide has-x-large-font-size\"><br><strong>Relev\u00e9 du local N319<\/strong><strong><br><\/strong> <em>Building Survey, Coll\u00e8ge Vanier | Septembre 2025<\/em><\/h2>\n\n\n\n<div class=\"wp-block-group has-global-padding is-layout-constrained wp-block-group-is-layout-constrained\">\n<p>Ce projet individuel consistait \u00e0 r\u00e9aliser le relev\u00e9 d\u00e9taill\u00e9 du local N319. Les dimensions de l\u2019espace ont \u00e9t\u00e9 prises \u00e0 l\u2019aide de rubans \u00e0 mesurer et d\u2019appareils de mesure laser afin de documenter avec pr\u00e9cision la configuration de la salle. Le projet comprenait \u00e9galement l\u2019identification des \u00e9quipements et syst\u00e8mes pr\u00e9sents dans le local, tels que les d\u00e9tecteurs d\u2019incendie, les interrupteurs et autres \u00e9l\u00e9ments. L\u2019espace a ensuite \u00e9t\u00e9 mod\u00e9lis\u00e9 et document\u00e9 \u00e0 l\u2019aide du logiciel Revit.<\/p>\n<\/div>\n<\/div>\n\n\n\n<h1 class=\"wp-block-heading has-text-align-center\">GALLERIE<\/h1>\n\n\n\n<div class=\"wp-block-group alignfull has-global-padding is-layout-constrained wp-block-group-is-layout-constrained\" style=\"margin-top:0;margin-bottom:0;padding-top:var(--wp--preset--spacing--50);padding-bottom:var(--wp--preset--spacing--50)\">\n<div class=\"wp-block-group alignwide is-layout-grid wp-container-core-group-is-layout-21f393a4 wp-block-group-is-layout-grid\">\n<div data-wp-interactive=\"core\/file\" class=\"wp-block-file wp-container-content-24abb3e4\"><object data-wp-bind--hidden=\"!state.hasPdfPreview\" hidden class=\"wp-block-file__embed\" data=\"https:\/\/johannasonokpon.com\/wp-content\/uploads\/2026\/03\/CLASS-319.pdf\" type=\"application\/pdf\" style=\"width:100%;height:930px\" aria-label=\"Embed of CLASS 319.\"><\/object><a id=\"wp-block-file--media-bb2f823b-1f27-43d9-8610-adeab2b68a44\" href=\"https:\/\/johannasonokpon.com\/wp-content\/uploads\/2026\/03\/CLASS-319.pdf\">CLASS 319<\/a><a href=\"https:\/\/johannasonokpon.com\/wp-content\/uploads\/2026\/03\/CLASS-319.pdf\" class=\"wp-block-file__button wp-element-button\" download aria-describedby=\"wp-block-file--media-bb2f823b-1f27-43d9-8610-adeab2b68a44\">Download<\/a><\/div>\n\n\n\n<figure class=\"wp-block-gallery has-nested-images columns-default is-cropped wp-block-gallery-2 wp-container-content-24abb3e4 is-layout-flex wp-block-gallery-is-layout-flex\"><\/figure>\n<\/div>\n\n\n\n<p><\/p>\n<\/div>\n\n\n\n<p><\/p>","protected":false},"excerpt":{"rendered":"<p>Relev\u00e9 du local N319 Building Survey, Coll\u00e8ge Vanier | Septembre 2025 Ce projet individuel consistait \u00e0 r\u00e9aliser le relev\u00e9 d\u00e9taill\u00e9 du local N319. Les dimensions de l\u2019espace ont \u00e9t\u00e9 prises \u00e0 l\u2019aide de rubans \u00e0 mesurer et d\u2019appareils de mesure laser afin de documenter avec pr\u00e9cision la configuration de la salle. Le projet comprenait \u00e9galement [&hellip;]<\/p>\n","protected":false},"author":1,"featured_media":0,"parent":0,"menu_order":0,"comment_status":"closed","ping_status":"closed","template":"","meta":{"footnotes":""},"class_list":["post-123","page","type-page","status-publish","hentry"],"_links":{"self":[{"href":"https:\/\/johannasonokpon.com\/en\/wp-json\/wp\/v2\/pages\/123","targetHints":{"allow":["GET"]}}],"collection":[{"href":"https:\/\/johannasonokpon.com\/en\/wp-json\/wp\/v2\/pages"}],"about":[{"href":"https:\/\/johannasonokpon.com\/en\/wp-json\/wp\/v2\/types\/page"}],"author":[{"embeddable":true,"href":"https:\/\/johannasonokpon.com\/en\/wp-json\/wp\/v2\/users\/1"}],"replies":[{"embeddable":true,"href":"https:\/\/johannasonokpon.com\/en\/wp-json\/wp\/v2\/comments?post=123"}],"version-history":[{"count":1,"href":"https:\/\/johannasonokpon.com\/en\/wp-json\/wp\/v2\/pages\/123\/revisions"}],"predecessor-version":[{"id":126,"href":"https:\/\/johannasonokpon.com\/en\/wp-json\/wp\/v2\/pages\/123\/revisions\/126"}],"wp:attachment":[{"href":"https:\/\/johannasonokpon.com\/en\/wp-json\/wp\/v2\/media?parent=123"}],"curies":[{"name":"wp","href":"https:\/\/api.w.org\/{rel}","templated":true}]}}