{"id":117,"date":"2026-03-18T21:24:22","date_gmt":"2026-03-18T21:24:22","guid":{"rendered":"https:\/\/johannasonokpon.com\/?page_id=117"},"modified":"2026-03-18T21:24:22","modified_gmt":"2026-03-18T21:24:22","slug":"school-a","status":"publish","type":"page","link":"https:\/\/johannasonokpon.com\/en\/school-a\/","title":{"rendered":"SCHOOL A"},"content":{"rendered":"<div class=\"wp-block-post-date\"><time datetime=\"2025-09-24T15:13:00\">September 24, 2025<\/time><\/div>\n\n\n<figure class=\"wp-block-image alignfull size-large wp-duotone-unset-1\"><img loading=\"lazy\" decoding=\"async\" width=\"1024\" height=\"728\" src=\"https:\/\/johannasonokpon.com\/wp-content\/uploads\/2026\/03\/Screenshot-2026-03-18-171726-1024x728.png\" alt=\"\" class=\"wp-image-118\" srcset=\"https:\/\/johannasonokpon.com\/wp-content\/uploads\/2026\/03\/Screenshot-2026-03-18-171726-1024x728.png 1024w, https:\/\/johannasonokpon.com\/wp-content\/uploads\/2026\/03\/Screenshot-2026-03-18-171726-300x213.png 300w, https:\/\/johannasonokpon.com\/wp-content\/uploads\/2026\/03\/Screenshot-2026-03-18-171726-768x546.png 768w, https:\/\/johannasonokpon.com\/wp-content\/uploads\/2026\/03\/Screenshot-2026-03-18-171726-1536x1092.png 1536w, https:\/\/johannasonokpon.com\/wp-content\/uploads\/2026\/03\/Screenshot-2026-03-18-171726-18x12.png 18w, https:\/\/johannasonokpon.com\/wp-content\/uploads\/2026\/03\/Screenshot-2026-03-18-171726.png 1641w\" sizes=\"auto, (max-width: 1024px) 100vw, 1024px\" \/><\/figure>\n\n\n\n<div class=\"wp-block-group alignfull has-global-padding is-layout-constrained wp-block-group-is-layout-constrained\" style=\"margin-top:0;margin-bottom:0;padding-top:var(--wp--preset--spacing--80);padding-bottom:var(--wp--preset--spacing--80)\">\n<h2 class=\"wp-block-heading alignwide has-x-large-font-size\"><br><strong>School A \u2014 Structure en acier et int\u00e9gration m\u00e9canique<\/strong><strong><br><\/strong> <em>Building Systems Integration, Coll\u00e8ge Vanier | Septembre 2025<\/em><\/h2>\n\n\n\n<div class=\"wp-block-group has-global-padding is-layout-constrained wp-block-group-is-layout-constrained\">\n<p>Ce projet portait sur la conception d\u2019\u00e9l\u00e9ments structuraux en acier ainsi que sur la production de dessins m\u00e9caniques pour le plan du deuxi\u00e8me \u00e9tage et de la toiture dans le cadre d\u2019un projet d\u2019agrandissement d\u2019\u00e9cole. \u00c0 partir d\u2019un dessin d\u2019agrandissement existant, l\u2019objectif \u00e9tait d\u2019adapter la structure afin de supporter de nouveaux \u00e9quipements de ventilation m\u00e9canique install\u00e9s sur la toiture. Le projet mettait l\u2019accent sur la coordination entre les syst\u00e8mes structuraux et m\u00e9caniques. Les dessins et la mod\u00e9lisation ont \u00e9t\u00e9 r\u00e9alis\u00e9s \u00e0 l\u2019aide du logiciel Revit.<br><\/p>\n<\/div>\n<\/div>\n\n\n\n<h1 class=\"wp-block-heading has-text-align-center\">GALLERIE<\/h1>\n\n\n\n<div class=\"wp-block-group alignfull has-global-padding is-layout-constrained wp-block-group-is-layout-constrained\" style=\"margin-top:0;margin-bottom:0;padding-top:var(--wp--preset--spacing--50);padding-bottom:var(--wp--preset--spacing--50)\">\n<div class=\"wp-block-group alignwide is-layout-grid wp-container-core-group-is-layout-21f393a4 wp-block-group-is-layout-grid\">\n<div data-wp-interactive=\"core\/file\" class=\"wp-block-file wp-container-content-24abb3e4\"><object data-wp-bind--hidden=\"!state.hasPdfPreview\" hidden class=\"wp-block-file__embed\" data=\"https:\/\/johannasonokpon.com\/wp-content\/uploads\/2026\/03\/SCHOOL-A.pdf\" type=\"application\/pdf\" style=\"width:100%;height:930px\" aria-label=\"Embed of SCHOOL A.\"><\/object><a id=\"wp-block-file--media-329926be-1a5c-4162-83c9-060fa07927ff\" href=\"https:\/\/johannasonokpon.com\/wp-content\/uploads\/2026\/03\/SCHOOL-A.pdf\">SCHOOL A<\/a><a href=\"https:\/\/johannasonokpon.com\/wp-content\/uploads\/2026\/03\/SCHOOL-A.pdf\" class=\"wp-block-file__button wp-element-button\" download aria-describedby=\"wp-block-file--media-329926be-1a5c-4162-83c9-060fa07927ff\">Download<\/a><\/div>\n\n\n\n<figure class=\"wp-block-gallery has-nested-images columns-default is-cropped wp-block-gallery-2 wp-container-content-24abb3e4 is-layout-flex wp-block-gallery-is-layout-flex\"><\/figure>\n<\/div>\n\n\n\n<p><\/p>\n<\/div>\n\n\n\n<p><\/p>","protected":false},"excerpt":{"rendered":"<p>School A \u2014 Structure en acier et int\u00e9gration m\u00e9canique Building Systems Integration, Coll\u00e8ge Vanier | Septembre 2025 Ce projet portait sur la conception d\u2019\u00e9l\u00e9ments structuraux en acier ainsi que sur la production de dessins m\u00e9caniques pour le plan du deuxi\u00e8me \u00e9tage et de la toiture dans le cadre d\u2019un projet d\u2019agrandissement d\u2019\u00e9cole. \u00c0 partir d\u2019un [&hellip;]<\/p>\n","protected":false},"author":1,"featured_media":0,"parent":0,"menu_order":0,"comment_status":"closed","ping_status":"closed","template":"","meta":{"footnotes":""},"class_list":["post-117","page","type-page","status-publish","hentry"],"_links":{"self":[{"href":"https:\/\/johannasonokpon.com\/en\/wp-json\/wp\/v2\/pages\/117","targetHints":{"allow":["GET"]}}],"collection":[{"href":"https:\/\/johannasonokpon.com\/en\/wp-json\/wp\/v2\/pages"}],"about":[{"href":"https:\/\/johannasonokpon.com\/en\/wp-json\/wp\/v2\/types\/page"}],"author":[{"embeddable":true,"href":"https:\/\/johannasonokpon.com\/en\/wp-json\/wp\/v2\/users\/1"}],"replies":[{"embeddable":true,"href":"https:\/\/johannasonokpon.com\/en\/wp-json\/wp\/v2\/comments?post=117"}],"version-history":[{"count":1,"href":"https:\/\/johannasonokpon.com\/en\/wp-json\/wp\/v2\/pages\/117\/revisions"}],"predecessor-version":[{"id":120,"href":"https:\/\/johannasonokpon.com\/en\/wp-json\/wp\/v2\/pages\/117\/revisions\/120"}],"wp:attachment":[{"href":"https:\/\/johannasonokpon.com\/en\/wp-json\/wp\/v2\/media?parent=117"}],"curies":[{"name":"wp","href":"https:\/\/api.w.org\/{rel}","templated":true}]}}