{"id":114,"date":"2026-03-18T21:12:52","date_gmt":"2026-03-18T21:12:52","guid":{"rendered":"https:\/\/johannasonokpon.com\/?page_id=114"},"modified":"2026-03-18T21:16:12","modified_gmt":"2026-03-18T21:16:12","slug":"projet-de-structure-en-beton","status":"publish","type":"page","link":"https:\/\/johannasonokpon.com\/en\/projet-de-structure-en-beton\/","title":{"rendered":"PROJET DE STRUCTURE EN B\u00c9TON"},"content":{"rendered":"<div class=\"wp-block-post-date\"><time datetime=\"2025-09-30T15:13:00\">September 30, 2025<\/time><\/div>\n\n\n<figure class=\"wp-block-image alignfull size-large wp-duotone-unset-1\"><img loading=\"lazy\" decoding=\"async\" width=\"1024\" height=\"695\" src=\"https:\/\/johannasonokpon.com\/wp-content\/uploads\/2026\/03\/Screenshot-2026-03-18-170154-1024x695.png\" alt=\"\" class=\"wp-image-113\" srcset=\"https:\/\/johannasonokpon.com\/wp-content\/uploads\/2026\/03\/Screenshot-2026-03-18-170154-1024x695.png 1024w, https:\/\/johannasonokpon.com\/wp-content\/uploads\/2026\/03\/Screenshot-2026-03-18-170154-300x204.png 300w, https:\/\/johannasonokpon.com\/wp-content\/uploads\/2026\/03\/Screenshot-2026-03-18-170154-768x522.png 768w, https:\/\/johannasonokpon.com\/wp-content\/uploads\/2026\/03\/Screenshot-2026-03-18-170154-1536x1043.png 1536w, https:\/\/johannasonokpon.com\/wp-content\/uploads\/2026\/03\/Screenshot-2026-03-18-170154-18x12.png 18w, https:\/\/johannasonokpon.com\/wp-content\/uploads\/2026\/03\/Screenshot-2026-03-18-170154.png 1733w\" sizes=\"auto, (max-width: 1024px) 100vw, 1024px\" \/><\/figure>\n\n\n\n<div class=\"wp-block-group alignfull has-global-padding is-layout-constrained wp-block-group-is-layout-constrained\" style=\"margin-top:0;margin-bottom:0;padding-top:var(--wp--preset--spacing--80);padding-bottom:var(--wp--preset--spacing--80)\">\n<h2 class=\"wp-block-heading alignwide has-x-large-font-size\"><br><strong>Projet de structure en b\u00e9ton<\/strong><strong><br><\/strong> <em>Building Systems Integration, Coll\u00e8ge Vanier | Septembre 2025<\/em><\/h2>\n\n\n\n<div class=\"wp-block-group has-global-padding is-layout-constrained wp-block-group-is-layout-constrained\">\n<p>Ce projet individuel portait sur la conception d\u2019une structure en b\u00e9ton pour un b\u00e2timent \u00e0 plusieurs \u00e9tages dans le cadre du cours Building Systems Integration. Le projet explorait l\u2019organisation des \u00e9l\u00e9ments structuraux tels que les colonnes, poutres, solives et semelles de fondation dans une structure en b\u00e9ton arm\u00e9. Les plans, coupes et d\u00e9tails structuraux ont \u00e9t\u00e9 mod\u00e9lis\u00e9s et produits \u00e0 l\u2019aide du logiciel Revit afin de d\u00e9montrer l\u2019int\u00e9gration des syst\u00e8mes structuraux dans le b\u00e2timent.<\/p>\n<\/div>\n<\/div>\n\n\n\n<h1 class=\"wp-block-heading has-text-align-center\">GALLERIE<\/h1>\n\n\n\n<div class=\"wp-block-group alignfull has-global-padding is-layout-constrained wp-block-group-is-layout-constrained\" style=\"margin-top:0;margin-bottom:0;padding-top:var(--wp--preset--spacing--50);padding-bottom:var(--wp--preset--spacing--50)\">\n<div class=\"wp-block-group alignwide is-layout-grid wp-container-core-group-is-layout-21f393a4 wp-block-group-is-layout-grid\">\n<div data-wp-interactive=\"core\/file\" class=\"wp-block-file wp-container-content-24abb3e4\"><object data-wp-bind--hidden=\"!state.hasPdfPreview\" hidden class=\"wp-block-file__embed\" data=\"https:\/\/johannasonokpon.com\/wp-content\/uploads\/2026\/03\/CONCRETE-ASSIGNMENT.pdf\" type=\"application\/pdf\" style=\"width:100%;height:930px\" aria-label=\"Embed of CONCRETE ASSIGNMENT.\"><\/object><a id=\"wp-block-file--media-71af90dc-1cca-4129-82ea-0dbd2a9aa94f\" href=\"https:\/\/johannasonokpon.com\/wp-content\/uploads\/2026\/03\/CONCRETE-ASSIGNMENT.pdf\">CONCRETE ASSIGNMENT<\/a><a href=\"https:\/\/johannasonokpon.com\/wp-content\/uploads\/2026\/03\/CONCRETE-ASSIGNMENT.pdf\" class=\"wp-block-file__button wp-element-button\" download aria-describedby=\"wp-block-file--media-71af90dc-1cca-4129-82ea-0dbd2a9aa94f\">Download<\/a><\/div>\n\n\n\n<figure class=\"wp-block-gallery has-nested-images columns-default is-cropped wp-block-gallery-2 wp-container-content-24abb3e4 is-layout-flex wp-block-gallery-is-layout-flex\"><\/figure>\n<\/div>\n\n\n\n<p><\/p>\n<\/div>\n\n\n\n<p><\/p>","protected":false},"excerpt":{"rendered":"<p>Projet de structure en b\u00e9ton Building Systems Integration, Coll\u00e8ge Vanier | Septembre 2025 Ce projet individuel portait sur la conception d\u2019une structure en b\u00e9ton pour un b\u00e2timent \u00e0 plusieurs \u00e9tages dans le cadre du cours Building Systems Integration. Le projet explorait l\u2019organisation des \u00e9l\u00e9ments structuraux tels que les colonnes, poutres, solives et semelles de fondation [&hellip;]<\/p>\n","protected":false},"author":1,"featured_media":0,"parent":0,"menu_order":0,"comment_status":"closed","ping_status":"closed","template":"","meta":{"footnotes":""},"class_list":["post-114","page","type-page","status-publish","hentry"],"_links":{"self":[{"href":"https:\/\/johannasonokpon.com\/en\/wp-json\/wp\/v2\/pages\/114","targetHints":{"allow":["GET"]}}],"collection":[{"href":"https:\/\/johannasonokpon.com\/en\/wp-json\/wp\/v2\/pages"}],"about":[{"href":"https:\/\/johannasonokpon.com\/en\/wp-json\/wp\/v2\/types\/page"}],"author":[{"embeddable":true,"href":"https:\/\/johannasonokpon.com\/en\/wp-json\/wp\/v2\/users\/1"}],"replies":[{"embeddable":true,"href":"https:\/\/johannasonokpon.com\/en\/wp-json\/wp\/v2\/comments?post=114"}],"version-history":[{"count":1,"href":"https:\/\/johannasonokpon.com\/en\/wp-json\/wp\/v2\/pages\/114\/revisions"}],"predecessor-version":[{"id":116,"href":"https:\/\/johannasonokpon.com\/en\/wp-json\/wp\/v2\/pages\/114\/revisions\/116"}],"wp:attachment":[{"href":"https:\/\/johannasonokpon.com\/en\/wp-json\/wp\/v2\/media?parent=114"}],"curies":[{"name":"wp","href":"https:\/\/api.w.org\/{rel}","templated":true}]}}