{"id":102,"date":"2026-03-18T20:52:22","date_gmt":"2026-03-18T20:52:22","guid":{"rendered":"https:\/\/johannasonokpon.com\/?page_id=102"},"modified":"2026-03-19T05:08:41","modified_gmt":"2026-03-19T05:08:41","slug":"lora-residence","status":"publish","type":"page","link":"https:\/\/johannasonokpon.com\/en\/lora-residence\/","title":{"rendered":"LORA RESIDENCE"},"content":{"rendered":"<div class=\"wp-block-post-date\"><time datetime=\"2024-03-25T15:13:00\">March 25, 2024<\/time><\/div>\n\n\n<figure class=\"wp-block-image alignfull size-large wp-duotone-unset-1\"><img loading=\"lazy\" decoding=\"async\" width=\"1024\" height=\"891\" src=\"https:\/\/johannasonokpon.com\/wp-content\/uploads\/2026\/03\/Screenshot-2026-03-19-010208-1024x891.png\" alt=\"\" class=\"wp-image-257\" srcset=\"https:\/\/johannasonokpon.com\/wp-content\/uploads\/2026\/03\/Screenshot-2026-03-19-010208-1024x891.png 1024w, https:\/\/johannasonokpon.com\/wp-content\/uploads\/2026\/03\/Screenshot-2026-03-19-010208-300x261.png 300w, https:\/\/johannasonokpon.com\/wp-content\/uploads\/2026\/03\/Screenshot-2026-03-19-010208-768x668.png 768w, https:\/\/johannasonokpon.com\/wp-content\/uploads\/2026\/03\/Screenshot-2026-03-19-010208-14x12.png 14w, https:\/\/johannasonokpon.com\/wp-content\/uploads\/2026\/03\/Screenshot-2026-03-19-010208.png 1046w\" sizes=\"auto, (max-width: 1024px) 100vw, 1024px\" \/><\/figure>\n\n\n\n<div class=\"wp-block-group alignfull has-global-padding is-layout-constrained wp-block-group-is-layout-constrained\" style=\"margin-top:0;margin-bottom:0;padding-top:var(--wp--preset--spacing--80);padding-bottom:var(--wp--preset--spacing--80)\">\n<h2 class=\"wp-block-heading alignwide has-x-large-font-size\"><br><strong>Lora Residence \u2014 Exercice chronom\u00e9tr\u00e9<\/strong><strong><br><\/strong> <em>Computer Aided Drawing, College Vanier | Mars 2024<\/em><\/h2>\n\n\n\n<div class=\"wp-block-group has-global-padding is-layout-constrained wp-block-group-is-layout-constrained\">\n<p>Ce projet individuel, r\u00e9alis\u00e9 sous forme d\u2019exercice chronom\u00e9tr\u00e9, consistait \u00e0 produire le plan d\u2019une r\u00e9sidence dans un d\u00e9lai de quatre heures \u00e0 l\u2019aide de AutoCAD. Le travail mettait l\u2019accent sur la pr\u00e9cision, l\u2019efficacit\u00e9 et l\u2019application des bases du dessin technique afin de produire un dessin architectural clair et bien organis\u00e9.<br><\/p>\n<\/div>\n<\/div>\n\n\n\n<h1 class=\"wp-block-heading has-text-align-center\">GALLERIE<\/h1>\n\n\n\n<div class=\"wp-block-group alignfull has-global-padding is-layout-constrained wp-block-group-is-layout-constrained\" style=\"margin-top:0;margin-bottom:0;padding-top:var(--wp--preset--spacing--50);padding-bottom:var(--wp--preset--spacing--50)\">\n<div class=\"wp-block-group alignwide is-layout-grid wp-container-core-group-is-layout-21f393a4 wp-block-group-is-layout-grid\">\n<div data-wp-interactive=\"core\/file\" class=\"wp-block-file wp-container-content-24abb3e4\"><object data-wp-bind--hidden=\"!state.hasPdfPreview\" hidden class=\"wp-block-file__embed\" data=\"https:\/\/johannasonokpon.com\/wp-content\/uploads\/2026\/03\/VANIER2024-TEST1_SONOKPON.ctb_.pdf\" type=\"application\/pdf\" style=\"width:100%;height:930px\" aria-label=\"Embed of VANIER2024-TEST1_SONOKPON.ctb.\"><\/object><a id=\"wp-block-file--media-145ce6a4-d6b1-4aa4-be2a-9368bfde9777\" href=\"https:\/\/johannasonokpon.com\/wp-content\/uploads\/2026\/03\/VANIER2024-TEST1_SONOKPON.ctb_.pdf\">VANIER2024-TEST1_SONOKPON.ctb<\/a><a href=\"https:\/\/johannasonokpon.com\/wp-content\/uploads\/2026\/03\/VANIER2024-TEST1_SONOKPON.ctb_.pdf\" class=\"wp-block-file__button wp-element-button\" download aria-describedby=\"wp-block-file--media-145ce6a4-d6b1-4aa4-be2a-9368bfde9777\">Download<\/a><\/div>\n<\/div>\n\n\n\n<p><\/p>\n<\/div>","protected":false},"excerpt":{"rendered":"<p>Lora Residence \u2014 Exercice chronom\u00e9tr\u00e9 Computer Aided Drawing, College Vanier | Mars 2024 Ce projet individuel, r\u00e9alis\u00e9 sous forme d\u2019exercice chronom\u00e9tr\u00e9, consistait \u00e0 produire le plan d\u2019une r\u00e9sidence dans un d\u00e9lai de quatre heures \u00e0 l\u2019aide de AutoCAD. Le travail mettait l\u2019accent sur la pr\u00e9cision, l\u2019efficacit\u00e9 et l\u2019application des bases du dessin technique afin de [&hellip;]<\/p>\n","protected":false},"author":1,"featured_media":0,"parent":0,"menu_order":0,"comment_status":"closed","ping_status":"closed","template":"","meta":{"footnotes":""},"class_list":["post-102","page","type-page","status-publish","hentry"],"_links":{"self":[{"href":"https:\/\/johannasonokpon.com\/en\/wp-json\/wp\/v2\/pages\/102","targetHints":{"allow":["GET"]}}],"collection":[{"href":"https:\/\/johannasonokpon.com\/en\/wp-json\/wp\/v2\/pages"}],"about":[{"href":"https:\/\/johannasonokpon.com\/en\/wp-json\/wp\/v2\/types\/page"}],"author":[{"embeddable":true,"href":"https:\/\/johannasonokpon.com\/en\/wp-json\/wp\/v2\/users\/1"}],"replies":[{"embeddable":true,"href":"https:\/\/johannasonokpon.com\/en\/wp-json\/wp\/v2\/comments?post=102"}],"version-history":[{"count":3,"href":"https:\/\/johannasonokpon.com\/en\/wp-json\/wp\/v2\/pages\/102\/revisions"}],"predecessor-version":[{"id":262,"href":"https:\/\/johannasonokpon.com\/en\/wp-json\/wp\/v2\/pages\/102\/revisions\/262"}],"wp:attachment":[{"href":"https:\/\/johannasonokpon.com\/en\/wp-json\/wp\/v2\/media?parent=102"}],"curies":[{"name":"wp","href":"https:\/\/api.w.org\/{rel}","templated":true}]}}